{"id":1675,"date":"2015-09-29T16:11:06","date_gmt":"2015-09-29T16:11:06","guid":{"rendered":"http:\/\/cancunshuttle.travel\/?post_type=product&#038;p=1675"},"modified":"2023-12-15T11:21:54","modified_gmt":"2023-12-15T16:21:54","slug":"servicio-compartido","status":"publish","type":"product","link":"https:\/\/airportcancun.travel\/es\/producto\/servicio-compartido\/","title":{"rendered":"Servicio Compartido"},"content":{"rendered":"","protected":false},"excerpt":{"rendered":"<p>Es posible que tu viaje a las hermosas tierras de Canc\u00fan y la Riviera Maya sea al lado tu pareja o alg\u00fan amigo, si solo son ustedes dos pueden compartir el servicio de\u00a0transporte con diferentes pasajeros.<\/p>\n<p>Este servicio tiene como objetivo llevar sanos y salvos a los pasajeros hasta sus hoteles\u00a0alg\u00fan puerto de la zona, es posible compartir transportaci\u00f3n. Este servicio se encuentra disponible todos los d\u00edas en un horario de 8:00 am a 8:00 pm\u00a0es necesario hacer reservaci\u00f3n debido a su alta ocupaci\u00f3n.<\/p>\n<p>Los precios son por persona y ofrecen toda la comodidad, seguridad, eficiencia, y aire\u00a0acondicionado.<br \/>\nNo contamos con asiento de seguridad para ni\u00f1os.<br \/>\nNo incluye agua fr\u00eda<\/p>\n<p>&nbsp;<\/p>\n","protected":false},"featured_media":3408,"comment_status":"closed","ping_status":"closed","template":"","meta":[],"_links":{"self":[{"href":"https:\/\/airportcancun.travel\/es\/wp-json\/wp\/v2\/product\/1675"}],"collection":[{"href":"https:\/\/airportcancun.travel\/es\/wp-json\/wp\/v2\/product"}],"about":[{"href":"https:\/\/airportcancun.travel\/es\/wp-json\/wp\/v2\/types\/product"}],"replies":[{"embeddable":true,"href":"https:\/\/airportcancun.travel\/es\/wp-json\/wp\/v2\/comments?post=1675"}],"wp:featuredmedia":[{"embeddable":true,"href":"https:\/\/airportcancun.travel\/es\/wp-json\/wp\/v2\/media\/3408"}],"wp:attachment":[{"href":"https:\/\/airportcancun.travel\/es\/wp-json\/wp\/v2\/media?parent=1675"}],"curies":[{"name":"wp","href":"https:\/\/api.w.org\/{rel}","templated":true}]}}