{"id":1672,"date":"2015-09-29T16:09:29","date_gmt":"2015-09-29T16:09:29","guid":{"rendered":"http:\/\/cancunshuttle.travel\/?post_type=product&#038;p=1672"},"modified":"2026-01-16T18:00:47","modified_gmt":"2026-01-16T23:00:47","slug":"suburban-de-lujo","status":"publish","type":"product","link":"https:\/\/airportcancun.travel\/es\/producto\/suburban-de-lujo\/","title":{"rendered":"Suburban de Lujo"},"content":{"rendered":"","protected":false},"excerpt":{"rendered":"<p>Este el medio de transportaci\u00f3n perfecto para familias un poco m\u00e1s peque\u00f1as ya que\u00a0ofrecen un espacio para 5 personas junto con el equipaje, se trata de un servicio privado\u00a0con un conductor certificado y biling\u00fce, agua fr\u00eda y rastreo del vuelo de llegada.<\/p>\n<p>Los impuestos y tasas del aeropuerto est\u00e1n incluidas en el precio total del veh\u00edculo.<\/p>\n<p>Para aquellos que necesiten transportarse con mucha elegancia y lujo se encuentra la\u00a0opci\u00f3n del transportaci\u00f3n en Limusina.\u00a0Este servicio es un uno de los m\u00e1s exclusivos que hay en el mercado y ofrece toda la\u00a0comodidad puerta a puerta desde el aeropuerto de Cancun y hasta el hotel en donde\u00a0comenzar\u00e1 la relajaci\u00f3n.<\/p>\n<p>El modelo de las limusinas para transportaci\u00f3n tur\u00edstica que ofrecemos son los modelos <b>Five Hundred<\/b> o <b>Lincoln Chrysler<\/b> y tienen una capacidad de hasta 8 personas; despu\u00e9s\u00a0de la bienvenida en el aeropuerto el chofer biling\u00fce lo llevar\u00e1 hasta su destino mientras\u00a0disfruta de una copa de champagne, aguas y refrescos.<\/p>\n<p>Este servicio incluye rastreo de vuelo de llegada, impuestos incluidos y tasas de\u00a0aeropuerto.<\/p>\n<p>&nbsp;<\/p>\n","protected":false},"featured_media":3279,"comment_status":"closed","ping_status":"closed","template":"","meta":[],"_links":{"self":[{"href":"https:\/\/airportcancun.travel\/es\/wp-json\/wp\/v2\/product\/1672"}],"collection":[{"href":"https:\/\/airportcancun.travel\/es\/wp-json\/wp\/v2\/product"}],"about":[{"href":"https:\/\/airportcancun.travel\/es\/wp-json\/wp\/v2\/types\/product"}],"replies":[{"embeddable":true,"href":"https:\/\/airportcancun.travel\/es\/wp-json\/wp\/v2\/comments?post=1672"}],"wp:featuredmedia":[{"embeddable":true,"href":"https:\/\/airportcancun.travel\/es\/wp-json\/wp\/v2\/media\/3279"}],"wp:attachment":[{"href":"https:\/\/airportcancun.travel\/es\/wp-json\/wp\/v2\/media?parent=1672"}],"curies":[{"name":"wp","href":"https:\/\/api.w.org\/{rel}","templated":true}]}}