{"id":1445,"date":"2015-08-20T18:48:38","date_gmt":"2015-08-20T18:48:38","guid":{"rendered":"http:\/\/cancunshuttle.travel\/?post_type=product&#038;p=1445"},"modified":"2026-01-16T18:03:06","modified_gmt":"2026-01-16T23:03:06","slug":"servicio-economico","status":"publish","type":"product","link":"https:\/\/airportcancun.travel\/es\/producto\/servicio-economico\/","title":{"rendered":"Servicio Econ\u00f3mico"},"content":{"rendered":"","protected":false},"excerpt":{"rendered":"<p>Despu\u00e9s de una interesante bienvenida su conductor calificado lo llevar\u00e1 en un servicio\u00a0puerta a puerta hasta el hotel<\/p>\n<p>Es perfecto para transportarse desde\/hasta el Aeropuerto de Cancun de una manera\u00a0r\u00e1pida y econ\u00f3mica, el precio total es el mismo para una o cuatro personas, cuenta con\u00a0unidades con A\/C, agua fr\u00eda, rastreo de vuelo (solo llegada), conductor biling\u00fce.<\/p>\n<p>El precio incluye impuestos y tasas del aeropuerto.<\/p>\n<p>&nbsp;<\/p>\n<p>&nbsp;<\/p>\n","protected":false},"featured_media":3407,"comment_status":"closed","ping_status":"closed","template":"","meta":[],"_links":{"self":[{"href":"https:\/\/airportcancun.travel\/es\/wp-json\/wp\/v2\/product\/1445"}],"collection":[{"href":"https:\/\/airportcancun.travel\/es\/wp-json\/wp\/v2\/product"}],"about":[{"href":"https:\/\/airportcancun.travel\/es\/wp-json\/wp\/v2\/types\/product"}],"replies":[{"embeddable":true,"href":"https:\/\/airportcancun.travel\/es\/wp-json\/wp\/v2\/comments?post=1445"}],"wp:featuredmedia":[{"embeddable":true,"href":"https:\/\/airportcancun.travel\/es\/wp-json\/wp\/v2\/media\/3407"}],"wp:attachment":[{"href":"https:\/\/airportcancun.travel\/es\/wp-json\/wp\/v2\/media?parent=1445"}],"curies":[{"name":"wp","href":"https:\/\/api.w.org\/{rel}","templated":true}]}}