{"id":3228,"date":"2016-09-12T18:02:13","date_gmt":"2016-09-12T23:02:13","guid":{"rendered":"http:\/\/airportcancun.travel\/es\/?page_id=3228"},"modified":"2017-06-22T09:38:10","modified_gmt":"2017-06-22T14:38:10","slug":"condiciones-de-reservacion","status":"publish","type":"page","link":"https:\/\/airportcancun.travel\/es\/condiciones-de-reservacion\/","title":{"rendered":"Condiciones de reservaci\u00f3n"},"content":{"rendered":"<p>[vc_row][vc_column][vc_empty_space][vc_column_text]<div style=\"position: relative; overflow: hidden;\" class=\"hideK\">\n    <h2>\n        <span style=\"position:absolute; top: 4000px;\">Aeropuerto Canc\u00fan condiciones de reservaci\u00f3n<\/span>\n    <\/h2>\n<\/div>\n<p>Las tarifas mostradas en nuestra p\u00e1gina internet o solicitadas por correo electr\u00f3nico o por tel\u00e9fono son v\u00e1lidas hasta las 12 de la noche del mismo d\u00eda. Todas las tarifas se aplican espec\u00edficamente al servicio solicitado, de lo contrario las tarifas pueden variar. Una reserva se considera completa cuando se tiene un n\u00famero de confirmaci\u00f3n y el cargo correspondiente ha sido aplicado.<\/p>\n<p>Al hacer la reserva, usted nos est\u00e1 autorizando por escrito y\/o verbales sobre el uso de su tarjeta de cr\u00e9dito\/debito para realizar el pago y est\u00e1 confirmando el conocimiento y la aceptaci\u00f3n de nuestros t\u00e9rminos y condiciones. Todas las reservaciones est\u00e1n sujetas a disponibilidad en el momento de su solicitud sea procesada. La disponibilidad no puede ser garantizada hasta haber recibido el pago total del servicio.<\/p>\n<p>Para evitar demoras, usted debe imprimir su cup\u00f3n y presentarlo cuando se utiliza el servicio para el que usted hizo el pago.[\/vc_column_text][\/vc_column][\/vc_row][vc_row][vc_column][vc_column_text]<\/p>\n<h3 style=\"font-weight: 800; color: #2c3740; font-size: 18px;\">Pol\u00edticas de Pago:<\/h3>\n<p>[\/vc_column_text][vc_column_text]El importe total de su reserva se cargar\u00e1 inmediatamente a su tarjeta de cr\u00e9dito\/debito o cuenta PayPal y aparecer\u00e1 en su estado de cuenta como PAYPAL*MXGREATSERV o PAYPAL*MEXICOGREATSERVICE o CONEKTA* AIRPORTCANCUN. Para pago de su reservaci\u00f3n, aceptamos Visa, MasterCard, American Express y Discover. Si no tiene alguna de estas tarjetas de cr\u00e9dito, usted puede hacer su pago con Visa o MasterCard de d\u00e9bito de bancos afiliados. Tambi\u00e9n aceptamos PayPal o pago en efectivo a la llegada, este ultima opci\u00f3n le generara un gasto adicional de 16% del monto total del servicio. Solo para Mexico aceptamos dep\u00f3sito en tiendas de conveniencias y bancos afiliados. Para obtener m\u00e1s informaci\u00f3n, p\u00f3ngase en contacto con uno de nuestros agentes de viajes.<\/p>\n<p>Las tarifas publicadas en nuestra pagina internet son en d\u00f3lares estadounidenses (USD). Si usted tiene una cuenta bancaria en otra moneda su banco o en su caso su compa\u00f1\u00eda de tarjeta de cr\u00e9dito har\u00e1 la conversi\u00f3n a la moneda que tenga su cuenta. Para otras monedas, el monto de la transacci\u00f3n ser\u00e1 convertido de d\u00f3lares estadounidenses al tipo de cambio vigente en la fecha de transacci\u00f3n. Tenga en cuenta que la cantidad que aparece en su recibo de su tarjeta de cr\u00e9dito puede variar hasta un tres por ciento, debido a las fluctuaciones de los tipos de cambio internacionales. <strong>AirportCancun.travel<\/strong> no es responsable de la fluctuaci\u00f3n y la aceptaci\u00f3n de estas pol\u00edticas; usted reconoce haber sido informado de la fluctuaci\u00f3n del tipo de cambio y de acuerdo con el cargo correspondiente en d\u00f3lares estadounidenses. Solo para Mexico, los dep\u00f3sitos en efectivo en las tiendas de conveniencias y bancos afiliados se realizaran en pesos mexicanos cambiado desde d\u00f3lares americanos el tipo de cambio del d\u00eda.[\/vc_column_text][\/vc_column][\/vc_row][vc_row][vc_column][vc_column_text]<\/p>\n<h3 style=\"font-weight: 800; color: #2c3740; font-size: 18px;\">Renuncia de Responsabilidad:<\/h3>\n<p>[\/vc_column_text][vc_column_text]Nuestra Empresa, <strong>AirportCancun.travel<\/strong> sirve de intermediario entre el cliente y el proveedor de bienes y servicios promocionados en la pagina internet, <strong>AirportCancun.travel<\/strong> ha establecido negociaciones comerciales dentro de sus propios est\u00e1ndares de calidad y servicio, tales como, pero no limitados a, transporte terrestre y otras actividades relacionadas con el turismo, tales como tours y excursiones, eligiendo s\u00f3lo a los proveedores m\u00e1s calificados y de mayor prestigio en el mercado. Sin embargo, <strong>AirportCancun.travel<\/strong> no puede asumir ninguna responsabilidad de los que compran servicios en su pagina internet, por actos u omisiones de los proveedores aqu\u00ed anunciados, en virtud de las cuales no tiene control sobre su relaci\u00f3n jur\u00eddica o personal de los equipos, operaciones o bienes.[\/vc_column_text][vc_column_text]<\/p>\n<h3 style=\"font-weight: 800; color: #2c3740; font-size: 18px;\">Art\u00edculos perdidos:<\/h3>\n<p>[\/vc_column_text][vc_column_text]Los pasajeros son responsables de sus pertenencias personales. Hacemos todo lo posible para devolver los bienes depositados en nuestros veh\u00edculos a sus due\u00f1os, pero no nos hacemos responsables de los art\u00edculos perdidos, robados, da\u00f1ados. Cualquier cargo incurrido en la devoluci\u00f3n de un art\u00edculo que su due\u00f1o a dejado abordo debe ser pagado por el propietario.<\/p>\n<p>Muchas bolsas se parecen. Nuestros conductores no pueden ser responsables de recordar que las bolsas pertenecen a cada pasajero. Al llegar a su destino, por favor, compruebe que ha recuperado todas sus pertenencias, y que cada bolsa, malet\u00edn, ordenador, etc, sea la suya.[\/vc_column_text][\/vc_column][\/vc_row][vc_row][vc_column][vc_column_text]<\/p>\n<h3 style=\"font-weight: 800; color: #2c3740; font-size: 18px;\">AirportCancun.travel establece que:<\/h3>\n<p>[\/vc_column_text][vc_column_text]Las fotos que aparecen en su p\u00e1gina internet son solamente representativas y no garantizan una exacta representaci\u00f3n. La categor\u00eda asignada a los servicios se basa en la interpretaci\u00f3n de <strong>AirportCancun.travel<\/strong> y puede diferir de las categor\u00edas que se muestran en otra parte.<\/p>\n<p>Las descripciones de los servicios (transportaci\u00f3n, tours, &#8230;) son actualizadas por <strong>AirportCancun.travel<\/strong> pero no garantizan que todo ser\u00e1 exactamente igual.<\/p>\n<p><strong>AirportCancun.travel<\/strong> se reserva el derecho de rechazar cualquier cliente en cualquier momento.<\/p>\n<p>Cualquier reclamo contra <strong>AirportCancun.travel<\/strong> o notificaciones por escrito debe ser recibida a m\u00e1s tardar catorce (14) d\u00edas despu\u00e9s de uso del servicio.<\/p>\n<p><strong>AirportCancun.travel<\/strong> no es responsable de ninguna reclamaci\u00f3n, costo o gasto ocasionado por lesiones personales o terceras personas, por fallecimiento, p\u00e9rdida o da\u00f1o a la propiedad personal, p\u00e9rdida de placer, enojo, desilusi\u00f3n, angustia o frustraci\u00f3n, ya sea mental o f\u00edsica, como resultado de lo que se menciona a continuaci\u00f3n:<\/p>\n<p>Los actos u omisiones de cualquier otra persona que no sea <strong>AirportCancun.travel<\/strong> o de sus empleados. Enfermedad, robo, disputas laborales, fallas mec\u00e1nicas, cuarentena, acciones gubernamentales, clima, o cualquier otra causa m\u00e1s all\u00e1 del control directo de <strong>AirportCancun.travel<\/strong>.<\/p>\n<p>Es la responsabilidad del cliente en obtener la documentaci\u00f3n necesaria para el viaje, tales como, pero no limitados a, pasaportes, visas y certificados, en cuyo caso no tiene derecho a ning\u00fan reembolso.<\/p>\n<p>Si el cliente no sigue las instrucciones, incluyendo pero no limitado a las horas de salida del aeropuerto, hora y fecha de los hoteles de llegada y salida, la pol\u00edtica de canje de cupones, cancelaci\u00f3n o cambio por cualquier raz\u00f3n de los servicios ofrecidos, <strong>AirportCancun.travel<\/strong> no podr\u00e1 ser tenido como responsable de la perdida del servicio contratado.<\/p>\n<p>Nos reservamos el derecho de cancelar o cambiar los servicios a nuestra discreci\u00f3n; trataremos de sustituirlos con servicios similares. Si tenemos que cancelar completamente su reservaci\u00f3n, <strong>AirportCancun.travel<\/strong> cuya responsabilidad se limita a la devoluci\u00f3n monto pagado por el servicio.<\/p>\n<p>Un reembolso completo no ser\u00e1 posible en los casos en que el servicio tenga que ser cancelado, interrumpido y\/o diferido por razones ajenas a nuestra voluntad (m\u00e1s all\u00e1 de nuestro control, tales como, pero no limitado a, los huracanes, los terremotos, actos de terrorismo, etc. &#8230;) y que las obligaciones contractuales con los proveedores no le permiten obtener un reembolso de la cantidad pagada o por pagar al proveedor por el cliente.<\/p>\n<p><strong>AirportCancun.travel<\/strong> a pesar de establecer una estrecha comunicaci\u00f3n con los proveedores que se anuncian en esta pagina internet, hay una posibilidad de que la validez de algunos precios haya expirado o nuestra base de datos se alimenta incorrectamente. Sin embargo, <strong>AirportCancun.travel<\/strong> se encarga de revisar las tarifas que se aplican a cada reservaci\u00f3n. Si el precio correcto es mayor que la cantidad que aparece, su representante asignado se comunicar\u00e1 con usted a la brevedad para darles la cantidad adecuada a cubrir. Si usted no esta desacuerdo con el aumento de tarifa <strong>AirportCancun.travel<\/strong> cancelara su reservaci\u00f3n y proceder\u00e1 a su reembolso correspondiente. <strong>AirportCancun.travel<\/strong> y sus proveedores se deslinde de de cualquier responsabilidad o indemnizaci\u00f3n por inconvenientes causados por esta cancelaci\u00f3n. En caso de ser menor a la cantidad pagada <strong>AirportCancun.travel<\/strong> le dar el servicios por monto pagado y no se realizara ning\u00fan reembolso.[\/vc_column_text][\/vc_column][\/vc_row][vc_row][vc_column][vc_column_text]<\/p>\n<h3 style=\"font-weight: 800; color: #2c3740; font-size: 18px;\">Pol\u00edticas de Cancelaci\u00f3n y cambios:<\/h3>\n<p>[\/vc_column_text][vc_column_text]Toda solicitud de cambio\/cancelaci\u00f3n, debe de ser realizada por escrito mediante correo electr\u00f3nico m\u00ednimo 24 horas antes de su servicio indicando el n\u00famero de reservaci\u00f3n, su nombre completo y el cambio solicitado. Para tomar validez todo cambio o cancelaci\u00f3n debe de ser confirmada por escrito por <strong>AirportCancun.travel<\/strong>. Sin respuesta alg\u00fan el cambio no ser\u00e1 tomado como realizado. Todo cambio puede generar un costo adicional.[\/vc_column_text][\/vc_column][\/vc_row][vc_row][vc_column][vc_column_text]<\/p>\n<h3 style=\"font-weight: 800; color: #2c3740; font-size: 18px;\">Cancelaciones, cambios y Reembolsos:<\/h3>\n<p>[\/vc_column_text][vc_column_text]Las cancelaciones hechas 24 horas antes de su servicio = 100% de reembolso<\/p>\n<p>Las cancelaciones hechas 24 y 12 horas antes de su servicio = 50% reembolso<\/p>\n<p>Las cancelaciones hechas con menos de 12 horas de anticipaci\u00f3n no son sujetas a reembolso<\/p>\n<p>No show de cualquier servicio = ning\u00fan reembolso<\/p>\n<p>De todos modos <strong>AirportCancun.travel<\/strong> a su discreci\u00f3n puede retener el 10% del monto total pagado por gastos administrativos.<\/p>\n<p><strong>Cualquier deposito o cuenta de manejo para renta de coche no son reembolsables.<\/strong>[\/vc_column_text][\/vc_column][\/vc_row][vc_row][vc_column][vc_column_text]<span style=\"font-weight: 800; color: #2c3740; font-size: 18px;\">IMPORTANTE:<\/span>[\/vc_column_text][vc_column_text]Los combos no aplican para el reembolso parcial. Un combo es considerado con un solo servicio. Si quiere hacer una sola parte del combo contratado, la cancelaci\u00f3n no corresponde a un reembolso aun cumpliendo con el plazo requerido.<\/p>\n<p>Descuentos especiales y\/o c\u00f3digos de promoci\u00f3n son aplicables s\u00f3lo durante las fechas previstas para el descuento; no se trata de descuentos retroactivos para reservas realizadas antes del per\u00edodo de promoci\u00f3n y si el cliente omite ingresar el c\u00f3digo de promoci\u00f3n en el campo correspondiente.<\/p>\n<p>En caso de tormenta tropical o hurac\u00e1n, s\u00f3lo puede cambiar sus fechas, o cambiar por otra excursi\u00f3n, y en este caso los pagos no son reembolsables.<\/p>\n<p>En caso de pago en efectivo por dep\u00f3sito bancario o en tiendas de conveniencia afiladas, no aplica ning\u00fan reembolso, solo los cambios ser\u00e1n autorizados 24 horas antes del servicio.[\/vc_column_text][\/vc_column][\/vc_row]<\/p>\n","protected":false},"excerpt":{"rendered":"<p>[vc_row][vc_column][vc_empty_space][vc_column_text] Las tarifas mostradas en nuestra p\u00e1gina internet o solicitadas por correo electr\u00f3nico o por tel\u00e9fono son v\u00e1lidas hasta las 12 de la noche del mismo d\u00eda. Todas las tarifas se aplican espec\u00edficamente al servicio solicitado, de lo contrario las tarifas pueden variar. Una reserva se considera completa cuando se tiene un n\u00famero de confirmaci\u00f3n<a class=\"button services-link button-hover inner-more\" href=\"https:\/\/airportcancun.travel\/es\/condiciones-de-reservacion\/\">leer m\u00e1s<\/a><\/p>\n","protected":false},"author":4,"featured_media":0,"parent":0,"menu_order":0,"comment_status":"closed","ping_status":"closed","template":"transport-page.php","meta":[],"_links":{"self":[{"href":"https:\/\/airportcancun.travel\/es\/wp-json\/wp\/v2\/pages\/3228"}],"collection":[{"href":"https:\/\/airportcancun.travel\/es\/wp-json\/wp\/v2\/pages"}],"about":[{"href":"https:\/\/airportcancun.travel\/es\/wp-json\/wp\/v2\/types\/page"}],"author":[{"embeddable":true,"href":"https:\/\/airportcancun.travel\/es\/wp-json\/wp\/v2\/users\/4"}],"replies":[{"embeddable":true,"href":"https:\/\/airportcancun.travel\/es\/wp-json\/wp\/v2\/comments?post=3228"}],"version-history":[{"count":0,"href":"https:\/\/airportcancun.travel\/es\/wp-json\/wp\/v2\/pages\/3228\/revisions"}],"wp:attachment":[{"href":"https:\/\/airportcancun.travel\/es\/wp-json\/wp\/v2\/media?parent=3228"}],"curies":[{"name":"wp","href":"https:\/\/api.w.org\/{rel}","templated":true}]}}