{"id":2808,"date":"2016-07-29T15:05:16","date_gmt":"2016-07-29T15:05:16","guid":{"rendered":"http:\/\/airportcancun.travel\/es\/?page_id=2808"},"modified":"2017-06-21T12:02:13","modified_gmt":"2017-06-21T17:02:13","slug":"pasaporte","status":"publish","type":"page","link":"https:\/\/airportcancun.travel\/es\/pasaporte\/","title":{"rendered":"Pasaporte"},"content":{"rendered":"<p>[vc_row][vc_column][vc_empty_space][vc_column_text]<strong>En cualquiera de los casos, es obligatorio presentar los siguientes documentos en el filtro de revisi\u00f3n migratoria:<\/strong><\/p>\n<ul>\n<li>Pasaporte o documento nacional de identidad en vigor.<\/li>\n<li>FMM debidamente complementada.<\/li>\n<li>Impreso que demuestre la reserva de hotel, billete de avi\u00f3n de vuelta al pa\u00eds de origen o itinerario en caso de haber contratado alg\u00fan itinerario tur\u00edstico<\/li>\n<li>Carta en espa\u00f1ol de la empresa extranjera responsable del viaje del interesado en la que se exprese que dicha persona es empleada de esta empresa y que la remuneraci\u00f3n por lo servicios que va a prestar en M\u00e9xico correr\u00e1 por su cuenta.<\/li>\n<li>Carta de la instituci\u00f3n u organizaci\u00f3n p\u00fablica en la que se invite a la persona extrajera a participar en alguna actividad no remunerada en territorio mexicano, en la que debe manifestar el motivo del viaje y su duraci\u00f3n. Si dicha instituci\u00f3n va a cubrir alg\u00fan gasto derivado del viaje, tambi\u00e9n tendr\u00e1 que adjuntar una carta en la que figure esta responsabilidad.<\/li>\n<li>Carta de aceptaci\u00f3n o invitaci\u00f3n de alg\u00fan organismo educativo mexicano en la que se invite al interesado a participar en alguna actividad o curso, o a participar en un proyecto de investigaci\u00f3n durante un per\u00edodo m\u00e1ximo de 80 d\u00edas.<\/li>\n<\/ul>\n<p>[\/vc_column_text][\/vc_column][\/vc_row][vc_row][vc_column][vc_column_text]<\/p>\n<h2 style=\"font-weight: 800; color: #2c3740; font-size: 18px;\">En caso de robo o p\u00e9rdida del pasaporte<\/h2>\n<p>[\/vc_column_text][vc_column_text]Si te encuentras de vacaciones en M\u00e9xico y tu pasaporte es robado, perdido o destruido, deber\u00e1s ubicar las oficinas de tu consulado o embajada para que te ayuden con la gesti\u00f3n de este mismo y puedas obtener uno nuevo para regresar a tu pa\u00eds.[\/vc_column_text][\/vc_column][\/vc_row]<\/p>\n","protected":false},"excerpt":{"rendered":"<p>[vc_row][vc_column][vc_empty_space][vc_column_text]En cualquiera de los casos, es obligatorio presentar los siguientes documentos en el filtro de revisi\u00f3n migratoria: Pasaporte o documento nacional de identidad en vigor. FMM debidamente complementada. Impreso que demuestre la reserva de hotel, billete de avi\u00f3n de vuelta al pa\u00eds de origen o itinerario en caso de haber contratado alg\u00fan itinerario tur\u00edstico Carta<a class=\"button services-link button-hover inner-more\" href=\"https:\/\/airportcancun.travel\/es\/pasaporte\/\">leer m\u00e1s<\/a><\/p>\n","protected":false},"author":4,"featured_media":3289,"parent":0,"menu_order":0,"comment_status":"closed","ping_status":"closed","template":"transport-page.php","meta":[],"_links":{"self":[{"href":"https:\/\/airportcancun.travel\/es\/wp-json\/wp\/v2\/pages\/2808"}],"collection":[{"href":"https:\/\/airportcancun.travel\/es\/wp-json\/wp\/v2\/pages"}],"about":[{"href":"https:\/\/airportcancun.travel\/es\/wp-json\/wp\/v2\/types\/page"}],"author":[{"embeddable":true,"href":"https:\/\/airportcancun.travel\/es\/wp-json\/wp\/v2\/users\/4"}],"replies":[{"embeddable":true,"href":"https:\/\/airportcancun.travel\/es\/wp-json\/wp\/v2\/comments?post=2808"}],"version-history":[{"count":0,"href":"https:\/\/airportcancun.travel\/es\/wp-json\/wp\/v2\/pages\/2808\/revisions"}],"wp:featuredmedia":[{"embeddable":true,"href":"https:\/\/airportcancun.travel\/es\/wp-json\/wp\/v2\/media\/3289"}],"wp:attachment":[{"href":"https:\/\/airportcancun.travel\/es\/wp-json\/wp\/v2\/media?parent=2808"}],"curies":[{"name":"wp","href":"https:\/\/api.w.org\/{rel}","templated":true}]}}