{"id":2801,"date":"2016-07-29T15:03:39","date_gmt":"2016-07-29T15:03:39","guid":{"rendered":"http:\/\/airportcancun.travel\/es\/?page_id=2801"},"modified":"2016-09-20T15:58:04","modified_gmt":"2016-09-20T20:58:04","slug":"consejos-de-viaje","status":"publish","type":"page","link":"https:\/\/airportcancun.travel\/es\/consejos-de-viaje\/","title":{"rendered":"Consejos de Viaje"},"content":{"rendered":"<p>[vc_row][vc_column][vc_column_text]<\/p>\n<h2 style=\"font-size: 22px;\">Equipaje y ropa adecuada para Canc\u00fan y Riviera Maya<\/h2>\n<p>[\/vc_column_text][\/vc_column][\/vc_row][vc_row][vc_column][vc_column_text]Le sugerimos identificar su equipaje para que lo pueda reconocer f\u00e1cilmente en las bandas de entrega del aeropuerto y no pierda tiempo para salir directamente a su hotel a disfrutar de una rica bebida y la maravillosa vista del mar Caribe.<\/p>\n<p>Depende mucho de los meses en que nos visite pero generalmente el clima es muy c\u00e1lido y h\u00famedo, le sugerimos que incluya en su equipaje un cambio de vestimenta casual \u2013elegante, para disfrutar de una rica cena , zapatos c\u00f3modos para caminar entre la selva y seguros en lugares resbalosos para sus tours o visitas a la ciudad, un su\u00e9ter ligero ya que en las noches se puede sentir una brisa constante. En las plazas comerciales el aire acondicionado permanece encendido de manera constante y lo mantienen a temperaturas muy bajas.<\/p>\n<p>Incluir gorra, lentes de sol, bloqueador solar y repelente contra mosquitos, \u00e9ste puede ser de gran ayuda.[\/vc_column_text][\/vc_column][\/vc_row][vc_row][vc_column][vc_column_text]<\/p>\n<h2 style=\"font-size: 22px;\">Dinero<\/h2>\n<p>[\/vc_column_text][\/vc_column][\/vc_row][vc_row][vc_column][vc_column_text]Debido al n\u00famero de visitantes extranjeros con los que cuenta Canc\u00fan y la Riviera Maya la mayor\u00eda de sus establecimientos reciben d\u00f3lares americanos, por lo tanto no es necesario que cambie todo su dinero a pesos.<\/p>\n<p>Puede hacerlo para propinas o alg\u00fan taxi o comprar una botella de agua o algo imprevisto, en la mayor\u00eda de establecimientos aceptan tarjetas de d\u00e9bito y cr\u00e9dito:<\/p>\n<ul>\n<li>Visa<\/li>\n<li>Mastercard<\/li>\n<li>American Express no en todos los establecimientos es aceptada, si su pago ser\u00e1 con tarjeta pregunte antes de que su servicio inicie.<\/li>\n<\/ul>\n<p>[\/vc_column_text][\/vc_column][\/vc_row][vc_row][vc_column][vc_column_text]<\/p>\n<h2 style=\"font-size: 22px;\">Comida y bebidas mexicanas<\/h2>\n<p>[\/vc_column_text][\/vc_column][\/vc_row][vc_row][vc_column width=&#8221;2\/3&#8243;][vc_column_text]Canc\u00fan y la Riviera Maya se caracterizan por ser lugares visitados y en los que actualmente habitan extranjeros de diferentes nacionalidades. Muchos de ellos son propietarios de establecimientos de alimentos y bebidas de su pa\u00eds, por lo tanto podemos encontrar todo tipo de comida, para todos los gustos y presupuestos.<\/p>\n<p>Algo que debemos recomendarle ya que se encuentra en M\u00e9xico es probar sus deliciosos platillos.<br \/>\nLa comida de la regi\u00f3n es deliciosa, existe una gran variedad de sabores y creaciones mexicanas, si usted desea podr\u00e1 saborear una deliciosa sopa de lima, pollo pibil o papadzules, as\u00ed como disfrutar de un delicioso ceviche de pescado a la orilla del mar y m\u00e1s mucho m\u00e1s.<\/p>\n<p>Eso s\u00ed, \u00a1cuidado con la venganza de Moctezuma! El Tequila y el picante los deber\u00e1 probar sin excederse.<br \/>\n\u00a1Disfrute nuestros deliciosos sabores Mexicanos,Salud![\/vc_column_text][\/vc_column][vc_column width=&#8221;1\/3&#8243;][vc_single_image image=&#8221;3068&#8243; img_size=&#8221;full&#8221; alignment=&#8221;center&#8221;][\/vc_column][\/vc_row]<\/p>\n","protected":false},"excerpt":{"rendered":"<p>[vc_row][vc_column][vc_column_text] Equipaje y ropa adecuada para Canc\u00fan y Riviera Maya [\/vc_column_text][\/vc_column][\/vc_row][vc_row][vc_column][vc_column_text]Le sugerimos identificar su equipaje para que lo pueda reconocer f\u00e1cilmente en las bandas de entrega del aeropuerto y no pierda tiempo para salir directamente a su hotel a disfrutar de una rica bebida y la maravillosa vista del mar Caribe. Depende mucho de los<a class=\"button services-link button-hover inner-more\" href=\"https:\/\/airportcancun.travel\/es\/consejos-de-viaje\/\">leer m\u00e1s<\/a><\/p>\n","protected":false},"author":4,"featured_media":3266,"parent":0,"menu_order":0,"comment_status":"closed","ping_status":"closed","template":"transport-page.php","meta":[],"_links":{"self":[{"href":"https:\/\/airportcancun.travel\/es\/wp-json\/wp\/v2\/pages\/2801"}],"collection":[{"href":"https:\/\/airportcancun.travel\/es\/wp-json\/wp\/v2\/pages"}],"about":[{"href":"https:\/\/airportcancun.travel\/es\/wp-json\/wp\/v2\/types\/page"}],"author":[{"embeddable":true,"href":"https:\/\/airportcancun.travel\/es\/wp-json\/wp\/v2\/users\/4"}],"replies":[{"embeddable":true,"href":"https:\/\/airportcancun.travel\/es\/wp-json\/wp\/v2\/comments?post=2801"}],"version-history":[{"count":0,"href":"https:\/\/airportcancun.travel\/es\/wp-json\/wp\/v2\/pages\/2801\/revisions"}],"wp:featuredmedia":[{"embeddable":true,"href":"https:\/\/airportcancun.travel\/es\/wp-json\/wp\/v2\/media\/3266"}],"wp:attachment":[{"href":"https:\/\/airportcancun.travel\/es\/wp-json\/wp\/v2\/media?parent=2801"}],"curies":[{"name":"wp","href":"https:\/\/api.w.org\/{rel}","templated":true}]}}