{"id":2788,"date":"2016-07-29T14:29:09","date_gmt":"2016-07-29T14:29:09","guid":{"rendered":"http:\/\/airportcancun.travel\/es\/?page_id=2788"},"modified":"2016-09-20T15:53:10","modified_gmt":"2016-09-20T20:53:10","slug":"inmigracion","status":"publish","type":"page","link":"https:\/\/airportcancun.travel\/es\/inmigracion\/","title":{"rendered":"Inmigraci\u00f3n"},"content":{"rendered":"<p>[vc_row][vc_column][vc_column_text]En el Aeropuerto Internacional de Canc\u00fan, los visitantes extranjeros que no sean ciudadanos de EE.UU requieren un pasaporte y una Forma Migratoria de Turista o tarjeta de turismo que se obtiene con las agencias de viajes, compa\u00f1\u00edas a\u00e9reas o en la entrada a M\u00e9xico.<\/p>\n<p><span style=\"font-size: 20px;\">Los visitantes de Estados Unidos no necesitan un pasaporte para entrar, por lo que pueden utilizar:<\/span><\/p>\n<ul>\n<li>Acta de Nacimiento<\/li>\n<li>Credencial para votar<\/li>\n<li>Tarjeta de ciudadano<\/li>\n<li>Certificado de Naturalizaci\u00f3n<\/li>\n<li>Entrada de identificaci\u00f3n<\/li>\n<\/ul>\n<p>[\/vc_column_text][\/vc_column][\/vc_row][vc_row][vc_column][vc_column_text]<\/p>\n<p>Al cruzar la zona fronteriza o ingresar al pa\u00eds por v\u00eda a\u00e9rea, los ciudadanos estadounidenses deben pagar una cuota para obtener una tarjeta de turista (FM-T), la cual est\u00e1 disponible en los puntos de cruce fronterizo, las oficinas mexicanas de turismo y los aeropuertos situados dentro de la zona fronteriza.<\/p>\n<p>Las principales aerol\u00edneas proporcionan esta forma durante el viaje. Es preciso incluir la siguiente informaci\u00f3n en el formulario: n\u00famero de d\u00edas que se pasar\u00e1n en el pa\u00eds, n\u00famero de pasaporte, destino, ciudad de procedencia y otros datos.<\/p>\n<p>Los viajeros de negocios deber\u00e1n llenar y presentar la forma FM-N 30 D\u00cdAS, la cual les permitir\u00e1 realizar actividades comerciales, pero no aceptar un empleo, durante un periodo de 30 d\u00edas. Quienes requieran ingresar al pa\u00eds con motivos que no sean turismo y negocios, o para permanecer m\u00e1s de180 d\u00edas, necesitar\u00e1n obtener una visa y deber\u00e1n portar un pasaporte vigente.<\/p>\n<h2 style=\"font-size: 20px;\"><\/h2>\n<p>[\/vc_column_text][\/vc_column][\/vc_row][vc_row][vc_column][vc_column_text]<\/p>\n<h2 style=\"font-size: 22px;\">Requisitos de ingreso para menores de edad<\/h2>\n<p>&nbsp;<\/p>\n<p>Todo pasajero que sea menor de edad debe viajar con su pasaporte vigente al menos por 6 meses. En caso de que los menores se encuentren viajando sin sus padres o tutor habr\u00e1 entonces que&#8230;<\/p>\n<p>Identificar al menor como viajero solitario con los documentos de una &#8220;Autorizaci\u00f3n de salida del menor o adolescente&#8221;<\/p>\n<p>La persona que documente al menor en el mostrador del aeropuerto deber\u00e1 tener una carta que certifique la autorizaci\u00f3n del menor para salir de viaje.<\/p>\n<p>Todos los pasajeros menores de edad deben viajar con pasaporte a su nombre, vigente al menos por 6 meses. En caso de que los menores o adolescentes no viajen con alguno de sus padres o su tutor legal :<\/p>\n<p>Alguno de los padres o tutor legal, el menor y el acompa\u00f1ante deber\u00e1n presentarse con anticipaci\u00f3n en la oficinas del INM para identificarse plenamente con los documentos de una &#8220;Autorizaci\u00f3n de salida del menor o adolescente&#8221;<\/p>\n<p>En caso de que alguno de los padres o el tutor no puedan presentarse en las oficinas del INM: la persona que documente al menor en el mostrador del aeropuerto, deber\u00e1 presentar una carta notariada que certifique que el menor est\u00e1 autorizado para salir de viaje ya sea s\u00f3lo o con un tercero.<\/p>\n<p><strong>Aclaraci\u00f3n<\/strong>: Si la carta notariada es expedida en el extranjero, deber\u00e1 estar traducida al espa\u00f1ol y apostillada.<\/p>\n<p>Los menores de edad extranjeros que al ingresar a M\u00e9xico se les otorg\u00f3 la condici\u00f3n de estancia de visitante (turistas en M\u00e9xico), no requieren presentar a su salida ninguna de la autorizaciones que a continuaci\u00f3n se mencionan.<\/p>\n<p>Llenar el formato en l\u00ednea e imprimir 3.<\/p>\n<p><b>Cada formato deber\u00e1 anexarse:<\/b><\/p>\n<ul>\n<li>Copia del pasaporte del menor.<\/li>\n<li>Copia del acta de nacimiento del menor.<\/li>\n<li>Copia de identificaci\u00f3n oficial vigente de la persona que ejerce la patria potestad o tutela del menor.<\/li>\n<li>Copia de identificaci\u00f3n oficial vigente del acompa\u00f1ante del menor.<\/li>\n<\/ul>\n<p>[\/vc_column_text][\/vc_column][\/vc_row][vc_row][vc_column][vc_column_text]<\/p>\n<h2 style=\"font-size: 22px;\">Al llegar al aeropuerto:<\/h2>\n<p>&nbsp;<\/p>\n<p>El interesado deber\u00e1 presentarse en el filtro migratorio, ah\u00ed el personal de migraci\u00f3n revisar\u00e1 la documentaci\u00f3n y le sellar\u00e1 los formatos.<\/p>\n<p>El INM conservar\u00e1 el primer formato con copia de la documentaci\u00f3n.<br \/>\nCon los dos formatos sellados, el interesado acudir\u00e1 al mostrador de la aerol\u00ednea, quien conservar\u00e1 el segundo formato con copia de la documentaci\u00f3n y le entregar\u00e1n el pase de abordar.<\/p>\n<p>Por \u00faltimo, el interesado conservar\u00e1 el tercer formato con copia de la documentaci\u00f3n para poder abordar.[\/vc_column_text][\/vc_column][\/vc_row]<\/p>\n","protected":false},"excerpt":{"rendered":"<p>[vc_row][vc_column][vc_column_text]En el Aeropuerto Internacional de Canc\u00fan, los visitantes extranjeros que no sean ciudadanos de EE.UU requieren un pasaporte y una Forma Migratoria de Turista o tarjeta de turismo que se obtiene con las agencias de viajes, compa\u00f1\u00edas a\u00e9reas o en la entrada a M\u00e9xico. Los visitantes de Estados Unidos no necesitan un pasaporte para entrar,<a class=\"button services-link button-hover inner-more\" href=\"https:\/\/airportcancun.travel\/es\/inmigracion\/\">leer m\u00e1s<\/a><\/p>\n","protected":false},"author":4,"featured_media":3291,"parent":0,"menu_order":0,"comment_status":"closed","ping_status":"closed","template":"transport-page.php","meta":[],"_links":{"self":[{"href":"https:\/\/airportcancun.travel\/es\/wp-json\/wp\/v2\/pages\/2788"}],"collection":[{"href":"https:\/\/airportcancun.travel\/es\/wp-json\/wp\/v2\/pages"}],"about":[{"href":"https:\/\/airportcancun.travel\/es\/wp-json\/wp\/v2\/types\/page"}],"author":[{"embeddable":true,"href":"https:\/\/airportcancun.travel\/es\/wp-json\/wp\/v2\/users\/4"}],"replies":[{"embeddable":true,"href":"https:\/\/airportcancun.travel\/es\/wp-json\/wp\/v2\/comments?post=2788"}],"version-history":[{"count":0,"href":"https:\/\/airportcancun.travel\/es\/wp-json\/wp\/v2\/pages\/2788\/revisions"}],"wp:featuredmedia":[{"embeddable":true,"href":"https:\/\/airportcancun.travel\/es\/wp-json\/wp\/v2\/media\/3291"}],"wp:attachment":[{"href":"https:\/\/airportcancun.travel\/es\/wp-json\/wp\/v2\/media?parent=2788"}],"curies":[{"name":"wp","href":"https:\/\/api.w.org\/{rel}","templated":true}]}}