{"id":2786,"date":"2016-07-29T14:27:39","date_gmt":"2016-07-29T14:27:39","guid":{"rendered":"http:\/\/airportcancun.travel\/es\/?page_id=2786"},"modified":"2016-09-20T15:49:13","modified_gmt":"2016-09-20T20:49:13","slug":"proceso-en-aduana","status":"publish","type":"page","link":"https:\/\/airportcancun.travel\/es\/proceso-en-aduana\/","title":{"rendered":"Proceso en Aduana"},"content":{"rendered":"<p>[vc_row][vc_column][vc_column_text]Una vez hayas recolectado tu equipaje, pasar\u00e1s por aduana. Aqu\u00ed veras el sem\u00e1foro de luz roja verde que se prende al azar. Luz verde indica que pases y luz roja indica la revisi\u00f3n de tu equipaje. Aqu\u00ed deber\u00e1s contar con todos tus documentos en mano.<\/p>\n<p>Las oficinas de la aduana tienen como tarea clasificar y verificar las mercanc\u00edas que entran al pa\u00eds desde el extranjero as\u00ed como verificar el cumplimiento de las leyes del impuesto al valor agregado, las leyes de impuestos generales de importaci\u00f3n y exportaci\u00f3n y m\u00e1s.<\/p>\n<p>La aduana tiene como responsabilidad dar un servicio de calidad a todos los visitantes sin importar su sexo, color, nacionalidad o religi\u00f3n. La aduana mexicana busca establecer f\u00e1cilmente un servicio responsable, eficiente y honesto.[\/vc_column_text][\/vc_column][\/vc_row][vc_row][vc_column width=&#8221;1\/2&#8243;][vc_column_text]<\/p>\n<h2 style=\"font-size: 22px;\">Migraci\u00f3n Aduanal<\/h2>\n<p>[\/vc_column_text][vc_column_text]<\/p>\n<ul>\n<li>Pasaporte v\u00e1lido<\/li>\n<li>Visa (para los pa\u00edses que la requieran)<\/li>\n<li>Declaraci\u00f3n general (especificando tipo de aeronave y matr\u00edcula, salida, llegada, tripulaci\u00f3n y datos de los pasajeros)<\/li>\n<li>Formato migratorio (1 por pasajero o tripulante)<\/li>\n<\/ul>\n<p>Para mayor informaci\u00f3n, consulte la p\u00e1gina www.inm.gob.mx[\/vc_column_text][\/vc_column][vc_column width=&#8221;1\/2&#8243;][vc_column_text]<\/p>\n<h2 style=\"font-size: 22px;\">Requerimientos para la Aduana<\/h2>\n<p>[\/vc_column_text][vc_column_text]<\/p>\n<ul>\n<li>Cada pasajero o jefe de familia debe presentar una declaraci\u00f3n de aduana.<\/li>\n<li>Se proceder\u00e1 a llevar a cabo revisiones aleatorias del equipaje de los pasajeros.<\/li>\n<li>Los agentes aduanales revirar\u00e1n el equipaje de todos los tripulantes de dicho (s\u00f3lo si el tripulante permanece en el pa\u00eds o abandona la Terminal FBO).<\/li>\n<\/ul>\n<p>[\/vc_column_text][\/vc_column][\/vc_row]<\/p>\n","protected":false},"excerpt":{"rendered":"<p>[vc_row][vc_column][vc_column_text]Una vez hayas recolectado tu equipaje, pasar\u00e1s por aduana. Aqu\u00ed veras el sem\u00e1foro de luz roja verde que se prende al azar. Luz verde indica que pases y luz roja indica la revisi\u00f3n de tu equipaje. Aqu\u00ed deber\u00e1s contar con todos tus documentos en mano. Las oficinas de la aduana tienen como tarea clasificar y<a class=\"button services-link button-hover inner-more\" href=\"https:\/\/airportcancun.travel\/es\/proceso-en-aduana\/\">leer m\u00e1s<\/a><\/p>\n","protected":false},"author":4,"featured_media":3291,"parent":0,"menu_order":0,"comment_status":"closed","ping_status":"closed","template":"transport-page.php","meta":[],"_links":{"self":[{"href":"https:\/\/airportcancun.travel\/es\/wp-json\/wp\/v2\/pages\/2786"}],"collection":[{"href":"https:\/\/airportcancun.travel\/es\/wp-json\/wp\/v2\/pages"}],"about":[{"href":"https:\/\/airportcancun.travel\/es\/wp-json\/wp\/v2\/types\/page"}],"author":[{"embeddable":true,"href":"https:\/\/airportcancun.travel\/es\/wp-json\/wp\/v2\/users\/4"}],"replies":[{"embeddable":true,"href":"https:\/\/airportcancun.travel\/es\/wp-json\/wp\/v2\/comments?post=2786"}],"version-history":[{"count":0,"href":"https:\/\/airportcancun.travel\/es\/wp-json\/wp\/v2\/pages\/2786\/revisions"}],"wp:featuredmedia":[{"embeddable":true,"href":"https:\/\/airportcancun.travel\/es\/wp-json\/wp\/v2\/media\/3291"}],"wp:attachment":[{"href":"https:\/\/airportcancun.travel\/es\/wp-json\/wp\/v2\/media?parent=2786"}],"curies":[{"name":"wp","href":"https:\/\/api.w.org\/{rel}","templated":true}]}}