{"id":2766,"date":"2016-07-29T14:55:41","date_gmt":"2016-07-29T14:55:41","guid":{"rendered":"http:\/\/airportcancun.travel\/es\/?page_id=2766"},"modified":"2017-06-22T10:59:34","modified_gmt":"2017-06-22T15:59:34","slug":"numeros-de-emergencia-en-cancun","status":"publish","type":"page","link":"https:\/\/airportcancun.travel\/es\/numeros-de-emergencia-en-cancun\/","title":{"rendered":"N\u00fameros de Emergencia en Canc\u00fan"},"content":{"rendered":"<p>[vc_row][vc_column][vc_empty_space][\/vc_column][\/vc_row][vc_row][vc_column width=&#8221;1\/2&#8243;][vc_column_text]<strong>Banco de Sangre<\/strong><br \/>\n887 26 95<\/p>\n<p><strong>Polic\u00eda Federal de Caminos<\/strong><br \/>\n884 11 07 \/ 884 15 42<\/p>\n<p><strong>Cruz Roja Mexicana<\/strong><br \/>\n884 16 16<\/p>\n<p><strong>Polic\u00eda Tur\u00edstica<\/strong><br \/>\n885 22 77<\/p>\n<p><strong>Bomberos<\/strong><br \/>\n884 12 02<\/p>\n<p><strong>Protecci\u00f3n Civil<\/strong><br \/>\n887 34 35<\/p>\n<p><strong>Procuradur\u00eda de Defensa al Turista<\/strong><br \/>\n892 48 25[\/vc_column_text][\/vc_column][vc_column width=&#8221;1\/2&#8243;][vc_column_text]<strong>Polic\u00eda Judicial del Estado<\/strong><br \/>\n884 11 71 \/ 881 71 50<\/p>\n<p><strong>Seguridad P\u00fablica<\/strong><br \/>\n884 19 13 \/ 884 23 42<br \/>\n884 07 10<\/p>\n<p><strong>CFE<\/strong><br \/>\n071<\/p>\n<p><strong>Incendios Forestales en Estado de Quintana Roo<\/strong><br \/>\n01 (998) 206 82 36<\/p>\n<p><strong>Tel \u2013 Sida<\/strong><br \/>\n01 800 712 08 86<\/p>\n<p><strong>TELMEX<\/strong><br \/>\n01 800 123 22 22<\/p>\n<p><strong>Jurisdicci\u00f3n Sanitaria<\/strong><br \/>\n884 23 42[\/vc_column_text][\/vc_column][\/vc_row][vc_row][vc_column][vc_column_text]<div style=\"position: relative; overflow: hidden;\" class=\"hideK\">\n    <h2>\n        <span style=\"position:absolute; top: 4000px;\">Directorio de n\u00fameros de emergencia en Canc\u00fan<\/span>\n    <\/h2>\n<\/div>[\/vc_column_text][\/vc_column][\/vc_row]<\/p>\n","protected":false},"excerpt":{"rendered":"<p>[vc_row][vc_column][vc_empty_space][\/vc_column][\/vc_row][vc_row][vc_column width=&#8221;1\/2&#8243;][vc_column_text]Banco de Sangre 887 26 95 Polic\u00eda Federal de Caminos 884 11 07 \/ 884 15 42 Cruz Roja Mexicana 884 16 16 Polic\u00eda Tur\u00edstica 885 22 77 Bomberos 884 12 02 Protecci\u00f3n Civil 887 34 35 Procuradur\u00eda de Defensa al Turista 892 48 25[\/vc_column_text][\/vc_column][vc_column width=&#8221;1\/2&#8243;][vc_column_text]Polic\u00eda Judicial del Estado 884 11 71 \/ 881<a class=\"button services-link button-hover inner-more\" href=\"https:\/\/airportcancun.travel\/es\/numeros-de-emergencia-en-cancun\/\">leer m\u00e1s<\/a><\/p>\n","protected":false},"author":4,"featured_media":3293,"parent":0,"menu_order":0,"comment_status":"closed","ping_status":"closed","template":"transport-page.php","meta":[],"_links":{"self":[{"href":"https:\/\/airportcancun.travel\/es\/wp-json\/wp\/v2\/pages\/2766"}],"collection":[{"href":"https:\/\/airportcancun.travel\/es\/wp-json\/wp\/v2\/pages"}],"about":[{"href":"https:\/\/airportcancun.travel\/es\/wp-json\/wp\/v2\/types\/page"}],"author":[{"embeddable":true,"href":"https:\/\/airportcancun.travel\/es\/wp-json\/wp\/v2\/users\/4"}],"replies":[{"embeddable":true,"href":"https:\/\/airportcancun.travel\/es\/wp-json\/wp\/v2\/comments?post=2766"}],"version-history":[{"count":0,"href":"https:\/\/airportcancun.travel\/es\/wp-json\/wp\/v2\/pages\/2766\/revisions"}],"wp:featuredmedia":[{"embeddable":true,"href":"https:\/\/airportcancun.travel\/es\/wp-json\/wp\/v2\/media\/3293"}],"wp:attachment":[{"href":"https:\/\/airportcancun.travel\/es\/wp-json\/wp\/v2\/media?parent=2766"}],"curies":[{"name":"wp","href":"https:\/\/api.w.org\/{rel}","templated":true}]}}