{"id":2762,"date":"2016-07-28T14:58:21","date_gmt":"2016-07-28T14:58:21","guid":{"rendered":"http:\/\/airportcancun.travel\/es\/?page_id=2762"},"modified":"2016-09-20T15:51:08","modified_gmt":"2016-09-20T20:51:08","slug":"sitios-arqueologicos","status":"publish","type":"page","link":"https:\/\/airportcancun.travel\/es\/sitios-arqueologicos\/","title":{"rendered":"Sitios Arqueol\u00f3gicos"},"content":{"rendered":"<p>[vc_row][vc_column][vc_column_text]Si pensaba que Canc\u00fan es solamente playas, bonitas, vivir la vida nocturna en los clubes y salir a conocer la cuidad, debe conocer toda las opciones que la ciudad y el estado de Quintana Roo tiene para ofrecerle:[\/vc_column_text][\/vc_column][\/vc_row][vc_row][vc_column][vc_column_text]<\/p>\n<h2 style=\"font-size: 25px;\">Tulum<\/h2>\n<p>[\/vc_column_text][\/vc_column][\/vc_row][vc_row][vc_column][vc_column_text]A 138.4 kil\u00f3metros de Canc\u00fan y a 72.4 kil\u00f3metros de Playa del Carmen se encuentran las ruinas de Tulum.<\/p>\n<p>Son las \u00fanicas en todo M\u00e9xico que se asientan sobre la orilla del mar. Su estructura m\u00e1s emblem\u00e1tica es el llamado \u201ccastillo\u201d, lugar espiritual en donde los mayas observaban el cambio de estaciones a trav\u00e9s del cruce del sol por los tres orificios en la espalda del castillo.<\/p>\n<p>Las playas que comparte la zona arqueol\u00f3gica es considerada por National Geographic como una de las veinticinco playas m\u00e1s hermosas del mundo.[\/vc_column_text][\/vc_column][\/vc_row][vc_row][vc_column][vc_column_text]<\/p>\n<h2 style=\"font-size: 25px;\">Kohunlich<\/h2>\n<p>[\/vc_column_text][\/vc_column][\/vc_row][vc_row][vc_column][vc_column_text]Se encuentra en medio de una selva. Se destaca por su complejo sistema de captaci\u00f3n de agua de lluvia en todos sus edificios y calzadas. El edificio principal es el Templo de los Mascarones, uno de los m\u00e1s significativos de Quintana Roo.<\/p>\n<p>\u00c9ste yacimiento arqueol\u00f3gico se encuentra en Esc\u00e1rcega, Chetumal, la capital de Quintana Roo.[\/vc_column_text][\/vc_column][\/vc_row][vc_row][vc_column][vc_column_text]<\/p>\n<h2 style=\"font-size: 25px;\">El Rey<\/h2>\n<p>[\/vc_column_text][\/vc_column][\/vc_row][vc_row][vc_column][vc_column_text]Se encuentra en la zona hotelera, justo enfrente de la Playa Delfines. Es un yacimiento arqueol\u00f3gico de la cultura maya precolombina. A pesar de las d\u00e9cadas recorridas, en la actualidad se pueden encontrar pinturas rupestres plasmadas en extensos murales sobre las paredes de algunas ruinas. Los murales muestran una especie de representaci\u00f3n de reyes y dem\u00e1s personajes importantes de la antigua comunidad de \u00e9ste lugar.<\/p>\n<p>El Rey no se extiende en varios kil\u00f3metros como otras ciudades mayas. Con el paso del tiempo ha llegado una poblaci\u00f3n grande de iguanas quienes han adoptado esta zona arqueol\u00f3gica como hogar.<\/p>\n<p>\u00c9stos son solo algunas de las ciudades mayas antiguas que Quintana Roo posee, pues existe muchas m\u00e1s.<\/p>\n<p>Si quiere conocer m\u00e1s de la cultura maya y sus sitios arqueol\u00f3gicos el Museo Maya de Canc\u00fan en la Zona hotelera es una opci\u00f3n en donde profesionales en el campo podr\u00e1n aclarar todas las dudas que surjan en su visita al Museo.[\/vc_column_text][\/vc_column][\/vc_row]<\/p>\n","protected":false},"excerpt":{"rendered":"<p>[vc_row][vc_column][vc_column_text]Si pensaba que Canc\u00fan es solamente playas, bonitas, vivir la vida nocturna en los clubes y salir a conocer la cuidad, debe conocer toda las opciones que la ciudad y el estado de Quintana Roo tiene para ofrecerle:[\/vc_column_text][\/vc_column][\/vc_row][vc_row][vc_column][vc_column_text] Tulum [\/vc_column_text][\/vc_column][\/vc_row][vc_row][vc_column][vc_column_text]A 138.4 kil\u00f3metros de Canc\u00fan y a 72.4 kil\u00f3metros de Playa del Carmen se encuentran las<a class=\"button services-link button-hover inner-more\" href=\"https:\/\/airportcancun.travel\/es\/sitios-arqueologicos\/\">leer m\u00e1s<\/a><\/p>\n","protected":false},"author":4,"featured_media":3299,"parent":0,"menu_order":0,"comment_status":"closed","ping_status":"closed","template":"transport-page.php","meta":[],"_links":{"self":[{"href":"https:\/\/airportcancun.travel\/es\/wp-json\/wp\/v2\/pages\/2762"}],"collection":[{"href":"https:\/\/airportcancun.travel\/es\/wp-json\/wp\/v2\/pages"}],"about":[{"href":"https:\/\/airportcancun.travel\/es\/wp-json\/wp\/v2\/types\/page"}],"author":[{"embeddable":true,"href":"https:\/\/airportcancun.travel\/es\/wp-json\/wp\/v2\/users\/4"}],"replies":[{"embeddable":true,"href":"https:\/\/airportcancun.travel\/es\/wp-json\/wp\/v2\/comments?post=2762"}],"version-history":[{"count":0,"href":"https:\/\/airportcancun.travel\/es\/wp-json\/wp\/v2\/pages\/2762\/revisions"}],"wp:featuredmedia":[{"embeddable":true,"href":"https:\/\/airportcancun.travel\/es\/wp-json\/wp\/v2\/media\/3299"}],"wp:attachment":[{"href":"https:\/\/airportcancun.travel\/es\/wp-json\/wp\/v2\/media?parent=2762"}],"curies":[{"name":"wp","href":"https:\/\/api.w.org\/{rel}","templated":true}]}}