{"id":2760,"date":"2016-07-28T14:42:04","date_gmt":"2016-07-28T14:42:04","guid":{"rendered":"http:\/\/airportcancun.travel\/es\/?page_id=2760"},"modified":"2017-08-11T12:00:19","modified_gmt":"2017-08-11T17:00:19","slug":"playas-en-cancun","status":"publish","type":"page","link":"https:\/\/airportcancun.travel\/es\/playas-en-cancun\/","title":{"rendered":"Playas en Canc\u00fan"},"content":{"rendered":"<p>[vc_row][vc_column][vc_empty_space][vc_column_text]Las playas de Canc\u00fan son consideradas las m\u00e1s bonitas de la Rep\u00fablica Mexicana, por su fina arena blanca y las aguas limpias, cristalinas y de un azul turquesa. Si es una persona que ama tomar el sol a la orilla del mar acompa\u00f1ado de una bebida tropical.<\/p>\n<p>\u00a1Comience los preparativos para vacacionar en Canc\u00fan![\/vc_column_text][\/vc_column][\/vc_row][vc_row][vc_column][vc_column_text]<\/p>\n<h2 style=\"font-weight: 800; color: #2c3740; font-size: 18px;\">7 playas p\u00fablicas de Canc\u00fan:<\/h2>\n<p>[\/vc_column_text][vc_row_inner][vc_column_inner width=&#8221;1\/2&#8243;][vc_column_text]<\/p>\n<ul>\n<li>Dolphins<\/li>\n<li>Chac Mool<\/li>\n<li>Las Perlas<\/li>\n<\/ul>\n<p>[\/vc_column_text][\/vc_column_inner][vc_column_inner width=&#8221;1\/2&#8243;][vc_column_text]<\/p>\n<ul>\n<li>El Ni\u00f1o<\/li>\n<li>Marlin<\/li>\n<li>Ballenas and Mirador II have the &#8220;Blue Flag&#8221; certification.<\/li>\n<\/ul>\n<p>[\/vc_column_text][\/vc_column_inner][\/vc_row_inner][\/vc_column][\/vc_row][vc_row][vc_column][vc_gmaps link=&#8221;#E-8_JTNDaWZyYW1lJTIwc3JjJTNEJTIyaHR0cHMlM0ElMkYlMkZ3d3cuZ29vZ2xlLmNvbSUyRm1hcHMlMkZlbWJlZCUzRnBiJTNEJTIxMW0xOCUyMTFtMTIlMjExbTMlMjExZDc0NDIuMDM1MTY3OTU1Mjc4JTIxMmQtODYuNzk4NTY5ODU0NDU0ODglMjEzZDIxLjE1MTY5ODQ5OTQ5MTc5JTIxMm0zJTIxMWYwJTIxMmYwJTIxM2YwJTIxM20yJTIxMWkxMDI0JTIxMmk3NjglMjE0ZjEzLjElMjEzbTMlMjExbTIlMjExczB4OGY0YzI5MzE1ZWNjYzFmMSUyNTNBMHg4YzdjYjkwMzMyYjQ3MzBkJTIxMnNQbGF5YSUyQlRvcnR1Z2FzJTIxNWUwJTIxM20yJTIxMXNlbiUyMTJzbXglMjE0djE0NzAzMzMwMDE4MzYlMjIlMjB3aWR0aCUzRCUyMjYwMCUyMiUyMGhlaWdodCUzRCUyMjQ1MCUyMiUyMGZyYW1lYm9yZGVyJTNEJTIyMCUyMiUyMHN0eWxlJTNEJUUyJTgwJTlDYm9yZGVyJTNBJTIwMCVFMiU4MCU5RCUyMCUyMnNjcm9sbHdoZWVsJTNBJTIwZmFsc2UlMjIlMjBhbGxvd2Z1bGxzY3JlZW4lM0UlM0MlMkZpZnJhbWUlM0U=&#8221; size=&#8221;&#8221;][\/vc_column][\/vc_row][vc_row][vc_column][vc_column_text]Es un distintivo internacional que otorga la FEE (Fundation for Environmental\u00a0 Education o Fundaci\u00f3n Internacional no Gubernamental) que promueve el desarrollo sustentable a trav\u00e9s de la educaci\u00f3n ambiental en las playas, embarcaciones y marinas que han logrado con excelencia mantener la calidad del agua, gesti\u00f3n y educaci\u00f3n ambiental.<\/p>\n<p>Las playas cubrieron los 33 requisitos que deben de tener, por mencionar algunos: la calidad del agua, la limpieza del entorno, protecci\u00f3n de los usuarios, estacionamiento, vigilancia, servicios b\u00e1sicos, accesos para personas minusv\u00e1lida, pet-friendly entre otros.<\/p>\n<p>Son pocos los estado de la Rep\u00fablica Mexicana que cuentan con este prestigioso distintivo.<\/p>\n<p><span style=\"font-size: 22px;\">\u00a1No te quedes sin conocerlas!<\/span>[\/vc_column_text][\/vc_column][\/vc_row]<\/p>\n","protected":false},"excerpt":{"rendered":"<p>[vc_row][vc_column][vc_empty_space][vc_column_text]Las playas de Canc\u00fan son consideradas las m\u00e1s bonitas de la Rep\u00fablica Mexicana, por su fina arena blanca y las aguas limpias, cristalinas y de un azul turquesa. Si es una persona que ama tomar el sol a la orilla del mar acompa\u00f1ado de una bebida tropical. \u00a1Comience los preparativos para vacacionar en Canc\u00fan![\/vc_column_text][\/vc_column][\/vc_row][vc_row][vc_column][vc_column_text] 7<a class=\"button services-link button-hover inner-more\" href=\"https:\/\/airportcancun.travel\/es\/playas-en-cancun\/\">leer m\u00e1s<\/a><\/p>\n","protected":false},"author":4,"featured_media":3300,"parent":0,"menu_order":0,"comment_status":"closed","ping_status":"closed","template":"transport-page.php","meta":[],"_links":{"self":[{"href":"https:\/\/airportcancun.travel\/es\/wp-json\/wp\/v2\/pages\/2760"}],"collection":[{"href":"https:\/\/airportcancun.travel\/es\/wp-json\/wp\/v2\/pages"}],"about":[{"href":"https:\/\/airportcancun.travel\/es\/wp-json\/wp\/v2\/types\/page"}],"author":[{"embeddable":true,"href":"https:\/\/airportcancun.travel\/es\/wp-json\/wp\/v2\/users\/4"}],"replies":[{"embeddable":true,"href":"https:\/\/airportcancun.travel\/es\/wp-json\/wp\/v2\/comments?post=2760"}],"version-history":[{"count":0,"href":"https:\/\/airportcancun.travel\/es\/wp-json\/wp\/v2\/pages\/2760\/revisions"}],"wp:featuredmedia":[{"embeddable":true,"href":"https:\/\/airportcancun.travel\/es\/wp-json\/wp\/v2\/media\/3300"}],"wp:attachment":[{"href":"https:\/\/airportcancun.travel\/es\/wp-json\/wp\/v2\/media?parent=2760"}],"curies":[{"name":"wp","href":"https:\/\/api.w.org\/{rel}","templated":true}]}}