{"id":2755,"date":"2016-07-28T14:37:14","date_gmt":"2016-07-28T14:37:14","guid":{"rendered":"http:\/\/airportcancun.travel\/es\/?page_id=2755"},"modified":"2017-04-06T14:03:52","modified_gmt":"2017-04-06T19:03:52","slug":"puerto-morelos","status":"publish","type":"page","link":"https:\/\/airportcancun.travel\/es\/puerto-morelos\/","title":{"rendered":"Puerto Morelos"},"content":{"rendered":"<p>[vc_row][vc_column][vc_column_text]Puerto Morelos es conocido por ser un pueblo a la orilla del mar en donde la econom\u00eda se ha llevado por varios a\u00f1os gracias a la pesca. Se encuentra a 38.8 kil\u00f3metros de Canc\u00fan.<\/p>\n<h2>El encanto de Puerto Morelos<\/h2>\n<p>Su estilo de vida aporta a la localidad un ambiente bohemio y tranquilo, lo cual parece ser el atractivo para nacionales y extranjeros. Los hoteles que est\u00e1n dentro del pueblo suelen ser los m\u00e1s accesibles, y los que est\u00e1n apartados de \u00e9l suelen ser de lujo con planes all inclusive.<\/p>\n<p>La comida que se suele servir en los restaurantes del pueblo de Puerto Morelos es la que los mismos locales extraen del mar, por lo que se entiende que el men\u00fa de los restaurantes se extienden en una larga lista de platillos con mariscos.<\/p>\n<h2>\u00bfQu\u00e9 hacer en Puerto Morelos?<\/h2>\n<p>Otras actividades que se pueden realizar en este municipio es la practica de snorkel y buceo en el Parque Nacional Marino.<\/p>\n<p>Siendo una comunidad pesquera tiene la posibilidad de practicar pesca deportiva.<\/p>\n<p>Por \u00faltimo, si eres amante del contacto con la naturaleza y la aventura, en Puerto Morelos se ofrecen numerosas excursiones de ecoturismo. Las cuales constan de tours de viajes en bicicletas de monta\u00f1a, quadbike, nado en cenotes, uso de tirolesa, entre otras actividades recreativas.[\/vc_column_text][\/vc_column][\/vc_row]<\/p>\n","protected":false},"excerpt":{"rendered":"<p>[vc_row][vc_column][vc_column_text]Puerto Morelos es conocido por ser un pueblo a la orilla del mar en donde la econom\u00eda se ha llevado por varios a\u00f1os gracias a la pesca. Se encuentra a 38.8 kil\u00f3metros de Canc\u00fan. El encanto de Puerto Morelos Su estilo de vida aporta a la localidad un ambiente bohemio y tranquilo, lo cual parece<a class=\"button services-link button-hover inner-more\" href=\"https:\/\/airportcancun.travel\/es\/puerto-morelos\/\">leer m\u00e1s<\/a><\/p>\n","protected":false},"author":4,"featured_media":3302,"parent":0,"menu_order":0,"comment_status":"closed","ping_status":"closed","template":"transport-page.php","meta":[],"_links":{"self":[{"href":"https:\/\/airportcancun.travel\/es\/wp-json\/wp\/v2\/pages\/2755"}],"collection":[{"href":"https:\/\/airportcancun.travel\/es\/wp-json\/wp\/v2\/pages"}],"about":[{"href":"https:\/\/airportcancun.travel\/es\/wp-json\/wp\/v2\/types\/page"}],"author":[{"embeddable":true,"href":"https:\/\/airportcancun.travel\/es\/wp-json\/wp\/v2\/users\/4"}],"replies":[{"embeddable":true,"href":"https:\/\/airportcancun.travel\/es\/wp-json\/wp\/v2\/comments?post=2755"}],"version-history":[{"count":0,"href":"https:\/\/airportcancun.travel\/es\/wp-json\/wp\/v2\/pages\/2755\/revisions"}],"wp:featuredmedia":[{"embeddable":true,"href":"https:\/\/airportcancun.travel\/es\/wp-json\/wp\/v2\/media\/3302"}],"wp:attachment":[{"href":"https:\/\/airportcancun.travel\/es\/wp-json\/wp\/v2\/media?parent=2755"}],"curies":[{"name":"wp","href":"https:\/\/api.w.org\/{rel}","templated":true}]}}