{"id":2751,"date":"2016-07-27T22:04:15","date_gmt":"2016-07-27T22:04:15","guid":{"rendered":"http:\/\/airportcancun.travel\/es\/?page_id=2751"},"modified":"2017-06-21T10:52:07","modified_gmt":"2017-06-21T15:52:07","slug":"hoteles-de-la-riviera-maya","status":"publish","type":"page","link":"https:\/\/airportcancun.travel\/es\/hoteles-de-la-riviera-maya\/","title":{"rendered":"Hoteles en la Riviera Maya"},"content":{"rendered":"<p>[vc_row][vc_column][vc_empty_space][vc_column_text]La Riviera Maya se encuentra a 67.9 kil\u00f3metros del Aeropuerto Internacional de Canc\u00fan. Es uno de los lugares m\u00e1s paradis\u00edacos y deseados de quienes buscan relajaci\u00f3n absoluta, por su exclusividad y belleza natural ofrecen a quien disfruta de ella una experiencia inolvidable de tranquilidad y esplendor.[\/vc_column_text][vc_column_text]<\/p>\n<h2 style=\"font-weight: 800; color: #2c3740; font-size: 18px;\">Hoteles en la Rivera Maya de lujo<\/h2>\n<p>[\/vc_column_text][vc_row_inner][vc_column_inner][vc_column_text]<\/p>\n<ul>\n<li>Grand Velas Riviera Maya<\/li>\n<li>Dorado Royal<\/li>\n<li>Secrets Maroma Beach Riviera Maya<\/li>\n<li>Mayakoba<\/li>\n<\/ul>\n<p>[\/vc_column_text][\/vc_column_inner][\/vc_row_inner][\/vc_column][\/vc_row][vc_row][vc_column][vc_column_text]En la Riviera Maya, no todo es hospedaje pues en ella existen gran cantidad de parques tem\u00e1ticos con actividades ecol\u00f3gicas (los puede visitar de manera independiente o con una agencia de viajes) en la que estar\u00e1 en contacto directo con la naturaleza.<\/p>\n<p>Los parques recreativos con actividades acu\u00e1ticas, servicio de spa, aventura y con una exquisita gastronom\u00eda como Xel-ha, Xcaret, Tres R\u00edos, Selv\u00e1tica entre muchos m\u00e1s lo esperan para conocer parte de lo que conforma a \u00e9ste extraordinario territorio del mundo maya. Los lugares son perfectos para aventurarse en familia, con aquellos amantes de la aventura o para disfrutar en pareja.[\/vc_column_text][\/vc_column][\/vc_row]<\/p>\n","protected":false},"excerpt":{"rendered":"<p>[vc_row][vc_column][vc_empty_space][vc_column_text]La Riviera Maya se encuentra a 67.9 kil\u00f3metros del Aeropuerto Internacional de Canc\u00fan. Es uno de los lugares m\u00e1s paradis\u00edacos y deseados de quienes buscan relajaci\u00f3n absoluta, por su exclusividad y belleza natural ofrecen a quien disfruta de ella una experiencia inolvidable de tranquilidad y esplendor.[\/vc_column_text][vc_column_text] Hoteles en la Rivera Maya de lujo [\/vc_column_text][vc_row_inner][vc_column_inner][vc_column_text] Grand<a class=\"button services-link button-hover inner-more\" href=\"https:\/\/airportcancun.travel\/es\/hoteles-de-la-riviera-maya\/\">leer m\u00e1s<\/a><\/p>\n","protected":false},"author":4,"featured_media":3907,"parent":0,"menu_order":0,"comment_status":"closed","ping_status":"closed","template":"transport-page.php","meta":[],"_links":{"self":[{"href":"https:\/\/airportcancun.travel\/es\/wp-json\/wp\/v2\/pages\/2751"}],"collection":[{"href":"https:\/\/airportcancun.travel\/es\/wp-json\/wp\/v2\/pages"}],"about":[{"href":"https:\/\/airportcancun.travel\/es\/wp-json\/wp\/v2\/types\/page"}],"author":[{"embeddable":true,"href":"https:\/\/airportcancun.travel\/es\/wp-json\/wp\/v2\/users\/4"}],"replies":[{"embeddable":true,"href":"https:\/\/airportcancun.travel\/es\/wp-json\/wp\/v2\/comments?post=2751"}],"version-history":[{"count":0,"href":"https:\/\/airportcancun.travel\/es\/wp-json\/wp\/v2\/pages\/2751\/revisions"}],"wp:featuredmedia":[{"embeddable":true,"href":"https:\/\/airportcancun.travel\/es\/wp-json\/wp\/v2\/media\/3907"}],"wp:attachment":[{"href":"https:\/\/airportcancun.travel\/es\/wp-json\/wp\/v2\/media?parent=2751"}],"curies":[{"name":"wp","href":"https:\/\/api.w.org\/{rel}","templated":true}]}}