{"id":2747,"date":"2016-07-27T22:00:21","date_gmt":"2016-07-27T22:00:21","guid":{"rendered":"http:\/\/airportcancun.travel\/es\/?page_id=2747"},"modified":"2017-06-21T12:11:34","modified_gmt":"2017-06-21T17:11:34","slug":"hoteles-en-la-zona-hotelera-de-cancun","status":"publish","type":"page","link":"https:\/\/airportcancun.travel\/es\/hoteles-en-la-zona-hotelera-de-cancun\/","title":{"rendered":"Hoteles en la Zona Hotelera"},"content":{"rendered":"<p>[vc_row][vc_column][vc_empty_space][vc_column_text]Si lo que desea es despertar por la ma\u00f1ana y encontrarse frente al inmenso mar azul turquesa del caribe, una habitaci\u00f3n en alg\u00fan hotel de Zona Hotelera de Canc\u00fan es la mejor opci\u00f3n.<\/p>\n<p>No esta de m\u00e1s mencionar que el hermoso mar no es el \u00fanico paisaje que puede apreciar de este lugar, sino que tambi\u00e9n puedes tener una maravillosa vista hacia la laguna Nichupt\u00e9 y en general al incre\u00edble esparcimiento de las arquitecturas que componen a la Zona Hotelera.[\/vc_column_text][vc_column_text]<img loading=\"lazy\" class=\"alignnone wp-image-3914 size-full\" src=\"https:\/\/airportcancun.travel\/es\/wp-content\/uploads\/sites\/2\/2016\/07\/Hoteles-en-la-Zona-hotelera.jpg\" alt=\"hoteles en la zona hotelera\" width=\"800\" height=\"300\" srcset=\"https:\/\/airportcancun.wpenginepowered.com\/es\/wp-content\/uploads\/sites\/2\/2016\/07\/Hoteles-en-la-Zona-hotelera.jpg 800w, https:\/\/airportcancun.wpenginepowered.com\/es\/wp-content\/uploads\/sites\/2\/2016\/07\/Hoteles-en-la-Zona-hotelera-300x113.jpg 300w, https:\/\/airportcancun.wpenginepowered.com\/es\/wp-content\/uploads\/sites\/2\/2016\/07\/Hoteles-en-la-Zona-hotelera-768x288.jpg 768w\" sizes=\"(max-width: 800px) 100vw, 800px\" \/>[\/vc_column_text][\/vc_column][\/vc_row][vc_row][vc_column][vc_empty_space][vc_column_text]<\/p>\n<h2 style=\"font-weight: 800; color: #2c3740; font-size: 18px;\">Hoteles en la Zona Hotelera de gran prestigio<\/h2>\n<p>[\/vc_column_text][vc_row_inner][vc_column_inner][vc_column_text]<\/p>\n<ul>\n<li>The Ritz Carlton<\/li>\n<li>Riu Hotels and Resorts<\/li>\n<li>Marriott Hotels<\/li>\n<li>Hyatt<\/li>\n<\/ul>\n<p>[\/vc_column_text][\/vc_column_inner][\/vc_row_inner][\/vc_column][\/vc_row][vc_row][vc_column][vc_column_text]Los precios var\u00edan por hotel, tipo de habitaci\u00f3n y del plan a solicitar (europeo, all inclusive, continental, etc.), \u00e9stos oscilan entre los $ 7,030.000 MNX (385.20 USD) y los $ 17, 258.00 MNX (945.64 USD).[\/vc_column_text][\/vc_column][\/vc_row]<\/p>\n","protected":false},"excerpt":{"rendered":"<p>[vc_row][vc_column][vc_empty_space][vc_column_text]Si lo que desea es despertar por la ma\u00f1ana y encontrarse frente al inmenso mar azul turquesa del caribe, una habitaci\u00f3n en alg\u00fan hotel de Zona Hotelera de Canc\u00fan es la mejor opci\u00f3n. No esta de m\u00e1s mencionar que el hermoso mar no es el \u00fanico paisaje que puede apreciar de este lugar, sino que<a class=\"button services-link button-hover inner-more\" href=\"https:\/\/airportcancun.travel\/es\/hoteles-en-la-zona-hotelera-de-cancun\/\">leer m\u00e1s<\/a><\/p>\n","protected":false},"author":4,"featured_media":3303,"parent":0,"menu_order":0,"comment_status":"closed","ping_status":"closed","template":"transport-page.php","meta":[],"_links":{"self":[{"href":"https:\/\/airportcancun.travel\/es\/wp-json\/wp\/v2\/pages\/2747"}],"collection":[{"href":"https:\/\/airportcancun.travel\/es\/wp-json\/wp\/v2\/pages"}],"about":[{"href":"https:\/\/airportcancun.travel\/es\/wp-json\/wp\/v2\/types\/page"}],"author":[{"embeddable":true,"href":"https:\/\/airportcancun.travel\/es\/wp-json\/wp\/v2\/users\/4"}],"replies":[{"embeddable":true,"href":"https:\/\/airportcancun.travel\/es\/wp-json\/wp\/v2\/comments?post=2747"}],"version-history":[{"count":0,"href":"https:\/\/airportcancun.travel\/es\/wp-json\/wp\/v2\/pages\/2747\/revisions"}],"wp:featuredmedia":[{"embeddable":true,"href":"https:\/\/airportcancun.travel\/es\/wp-json\/wp\/v2\/media\/3303"}],"wp:attachment":[{"href":"https:\/\/airportcancun.travel\/es\/wp-json\/wp\/v2\/media?parent=2747"}],"curies":[{"name":"wp","href":"https:\/\/api.w.org\/{rel}","templated":true}]}}