{"id":2740,"date":"2016-07-27T15:50:53","date_gmt":"2016-07-27T15:50:53","guid":{"rendered":"http:\/\/airportcancun.travel\/es\/?page_id=2740"},"modified":"2017-06-21T10:19:37","modified_gmt":"2017-06-21T15:19:37","slug":"hoteles-en-el-centro-de-cancun","status":"publish","type":"page","link":"https:\/\/airportcancun.travel\/es\/hoteles-en-el-centro-de-cancun\/","title":{"rendered":"Hoteles en el Centro de Canc\u00fan"},"content":{"rendered":"<p>[vc_row][vc_column][vc_empty_space][vc_column_text]<img loading=\"lazy\" class=\"alignnone wp-image-3902 size-full\" src=\"https:\/\/airportcancun.travel\/es\/wp-content\/uploads\/sites\/2\/2016\/07\/Mejores-hoteles-en-el-centro-de-Cancu\u0301n.jpg\" alt=\"mejores hoteles en el centro de cancu\u0301n\" width=\"810\" height=\"300\" srcset=\"https:\/\/airportcancun.wpenginepowered.com\/es\/wp-content\/uploads\/sites\/2\/2016\/07\/Mejores-hoteles-en-el-centro-de-Cancu\u0301n.jpg 810w, https:\/\/airportcancun.wpenginepowered.com\/es\/wp-content\/uploads\/sites\/2\/2016\/07\/Mejores-hoteles-en-el-centro-de-Cancu\u0301n-300x111.jpg 300w, https:\/\/airportcancun.wpenginepowered.com\/es\/wp-content\/uploads\/sites\/2\/2016\/07\/Mejores-hoteles-en-el-centro-de-Cancu\u0301n-768x284.jpg 768w\" sizes=\"(max-width: 810px) 100vw, 810px\" \/>[\/vc_column_text][vc_column_text]Es verdad que Canc\u00fan es uno de los lugares m\u00e1s bellos de M\u00e9xico e inclusive del mundo, pero \u00bfqu\u00e9 es lo que realmente busca al viajar a este paradis\u00edaco destino? Si busca relajaci\u00f3n, olvidarse del estr\u00e9s de la vida laboral, pasar momentos agradables en familia, entonces los hoteles de la Zona Hotelera de Canc\u00fan son la opci\u00f3n.<\/p>\n<p>Si por el contrario desea sumergirse en la cultura y folclor de los habitantes de dicha ciudad, de aprender como es su vida, la forma de desenvolverse, sus costumbres, gastronom\u00eda, entre otros factores que conforman la cultura de los mexicanos, definitivamente debe salir de la Zona Hotelera y visitar el centro de la ciudad en donde encontrar\u00e1 lugares peculiares de venta de artesan\u00edas.<\/p>\n<p>El ya popular Mercado 28, en donde hay restaurantes con verdadera comida mexicana (posiblemente encuentre platillos t\u00edpicos de varios estados de la rep\u00fablica), adquirir souvenirs o prendas t\u00edpicas de varios estados de la pen\u00ednsula Yucat\u00e1n.<\/p>\n<p>Al estar en el centro de la cuidad podr\u00e1 apreciar la arquitectura de algunos de los monumentos que hay en \u00e9l.<\/p>\n<p>Los precios de algunos servicios son mucho menores a comparaci\u00f3n a los de la Zona Hotelera, as\u00ed que es posible que el gasto sea menor.<\/p>\n<p>Si desea conoce la ciudad de Canc\u00fan por negocios o placer, la opci\u00f3n de hospedaje en el centro de la ciudad es una excelente idea ya que solo se encuentra a 12 kil\u00f3metros del Aeropuerto Internacional de Canc\u00fan.[\/vc_column_text][\/vc_column][\/vc_row][vc_row][vc_column][vc_column_text]Al igual que en la zona hotelera hay diversidad de hoteles de excelente calidad y son m\u00e1s accesibles y que van desde las tres hasta las cinco estrellas. Alguno de ellos son:[\/vc_column_text][vc_row_inner][vc_column_inner width=&#8221;1\/2&#8243;][vc_column_text]<\/p>\n<ul>\n<li>Ibis Hotel<\/li>\n<li>Ramada Canc\u00fan City<\/li>\n<li>City Express<\/li>\n<\/ul>\n<p>[\/vc_column_text][\/vc_column_inner][vc_column_inner width=&#8221;1\/2&#8243;][vc_column_text]<\/p>\n<ul>\n<li>One Canc\u00fan Centro<\/li>\n<li>Oasis America<\/li>\n<li>LQ Hotel by La Quinta Canc\u00fan<\/li>\n<\/ul>\n<p>[\/vc_column_text][\/vc_column_inner][\/vc_row_inner][\/vc_column][\/vc_row][vc_row][vc_column][vc_column_text]<\/p>\n<h2 style=\"font-weight: 800; color: #2c3740; font-size: 18px;\">Existen un total de 98 hoteles para hospedarse en el centro de Canc\u00fan<\/h2>\n<p>[\/vc_column_text][vc_column_text]Los precios aproximados de hospedaje por noche est\u00e1n entre los $839.00 MXN (45.30 USD) y los $2,042.00 MXN (111.89 USD) dependiendo del tipo de habitaci\u00f3n que elija.<\/p>\n<p>Los hoteles est\u00e1n distribuidos en diferentes puntos de la cuidad por lo que es muy probable que encuentre alg\u00fan sitio interesante que cubra sus necesidades.[\/vc_column_text][\/vc_column][\/vc_row]<\/p>\n","protected":false},"excerpt":{"rendered":"<p>[vc_row][vc_column][vc_empty_space][vc_column_text][\/vc_column_text][vc_column_text]Es verdad que Canc\u00fan es uno de los lugares m\u00e1s bellos de M\u00e9xico e inclusive del mundo, pero \u00bfqu\u00e9 es lo que realmente busca al viajar a este paradis\u00edaco destino? Si busca relajaci\u00f3n, olvidarse del estr\u00e9s de la vida laboral, pasar momentos agradables en familia, entonces los hoteles de la Zona Hotelera de Canc\u00fan son<a class=\"button services-link button-hover inner-more\" href=\"https:\/\/airportcancun.travel\/es\/hoteles-en-el-centro-de-cancun\/\">leer m\u00e1s<\/a><\/p>\n","protected":false},"author":4,"featured_media":3304,"parent":0,"menu_order":0,"comment_status":"closed","ping_status":"closed","template":"transport-page.php","meta":[],"_links":{"self":[{"href":"https:\/\/airportcancun.travel\/es\/wp-json\/wp\/v2\/pages\/2740"}],"collection":[{"href":"https:\/\/airportcancun.travel\/es\/wp-json\/wp\/v2\/pages"}],"about":[{"href":"https:\/\/airportcancun.travel\/es\/wp-json\/wp\/v2\/types\/page"}],"author":[{"embeddable":true,"href":"https:\/\/airportcancun.travel\/es\/wp-json\/wp\/v2\/users\/4"}],"replies":[{"embeddable":true,"href":"https:\/\/airportcancun.travel\/es\/wp-json\/wp\/v2\/comments?post=2740"}],"version-history":[{"count":0,"href":"https:\/\/airportcancun.travel\/es\/wp-json\/wp\/v2\/pages\/2740\/revisions"}],"wp:featuredmedia":[{"embeddable":true,"href":"https:\/\/airportcancun.travel\/es\/wp-json\/wp\/v2\/media\/3304"}],"wp:attachment":[{"href":"https:\/\/airportcancun.travel\/es\/wp-json\/wp\/v2\/media?parent=2740"}],"curies":[{"name":"wp","href":"https:\/\/api.w.org\/{rel}","templated":true}]}}