{"id":2733,"date":"2016-07-27T15:37:21","date_gmt":"2016-07-27T15:37:21","guid":{"rendered":"http:\/\/airportcancun.travel\/es\/?page_id=2733"},"modified":"2017-05-09T11:52:02","modified_gmt":"2017-05-09T16:52:02","slug":"directorio-de-aerolineas","status":"publish","type":"page","link":"https:\/\/airportcancun.travel\/es\/directorio-de-aerolineas\/","title":{"rendered":"Directorio de Aerol\u00edneas"},"content":{"rendered":"<p>[vc_row][vc_column][vc_column_text]<\/p>\n<h2 style=\"text-align: left; text-transform: none; font-size: 25px;\">Cancun Airport | Directorio de Aerol\u00edneas<\/h2>\n<p>[\/vc_column_text][\/vc_column][\/vc_row][vc_row][vc_column width=&#8221;1\/2&#8243;][vc_column_text]<\/p>\n<h3 style=\"margin-bottom: 5px; text-transform: none;\">Aerom\u00e9xico<\/h3>\n<p>Aeropuerto de Cancun Terminales 1 y 2<br \/>\n(998)886 00 18<br \/>\n(998)886 00 03<br \/>\n(998)875 96 32<br \/>\n(998)287 18 60<br \/>\nAv. Cob\u00e1 No. 80 SM 3 Cancun, Q. Roo. 77500<\/p>\n<h3 style=\"margin-bottom: 5px; text-transform: none;\">Air Transat<\/h3>\n<p>From Canada or the USA<br \/>\n1(877)872 67 28<br \/>\nAeropueto Internacional de Cancun Cancun, Q. Roo. 77500<\/p>\n<h3 style=\"margin-bottom: 5px; text-transform: none;\">Alaska Airlines<\/h3>\n<p>(998)886 08 03<br \/>\nCarretera Canc\u00fan-Chetumal Km. 22, Int Aeropuerto Internacional de Canc\u00fan C.P. 77565<\/p>\n<h3 style=\"margin-bottom: 5px; text-transform: none;\">Amerijet<\/h3>\n<p>(998)886 01 97<br \/>\nFax (998)886 01 99<br \/>\nCarretera Cancun-Chetumal KM22 Aeropuerto Int&#8217;l de Cancun Zona de Aduanas CP<\/p>\n<h3 style=\"margin-bottom: 5px; text-transform: none;\">Cubana<\/h3>\n<p>(998)886 01 92<br \/>\nAeropuerto Internacional de Cancun terminal 2<\/p>\n<h3 style=\"margin-bottom: 5px; text-transform: none;\">Iberia Airlines<\/h3>\n<p>(998)886 01 58<br \/>\n(998)886 02 44<br \/>\nEdificio del Aeropuerto Internacional de Cancun Terminal 3<\/p>\n<h3 style=\"margin-bottom: 5px; text-transform: none;\">Jet Blue<\/h3>\n<p>(998)861 33 72 USA Free 1(800)538 25 83<br \/>\nAeropuerto Internacional de Canc\u00fan, M\u00e9xico<\/p>\n<h3 style=\"margin-bottom: 5px; text-transform: none;\">Magnicharters<\/h3>\n<p>(998)884 06 00<br \/>\nAv. Nader No. 93 Mza. 10, Canc\u00fan, Q.Roo.<\/p>\n<h3 style=\"margin-bottom: 5px; text-transform: none;\">May air<\/h3>\n<p>(998)881 94 00<br \/>\nFax (998)881 94 01<br \/>\nAv. de los Colegios #37 por Av. Bonfil Colonia: Colegios,C.P. 77535<\/p>\n<h3 style=\"margin-bottom: 5px; text-transform: none;\">Swissport International<\/h3>\n<p>(998)886 22 09<br \/>\nMobile 52(998)282 15 99<br \/>\nFax 52(998)886 22 09<br \/>\nCarretera Cancun-Chetumal Km 22 lote 6 y 7 Aeropuerto Internacional de Cancun Q.Roo, Mexico C.P.<\/p>\n<h3 style=\"margin-bottom: 5px; text-transform: none;\">Volaris<\/h3>\n<p>01(800)805 27 47<br \/>\nEdificio del Aeropuerto Internacional Cancun, Q. Roo. 77500[\/vc_column_text][\/vc_column][vc_column width=&#8221;1\/2&#8243;][vc_column_text]<\/p>\n<h3 style=\"margin-bottom: 5px; text-transform: none;\">Air Canada<\/h3>\n<p>(998)892 18 84<br \/>\n(998)887 48 28<br \/>\nAeropuerto Internacional de Cancun terminal 2<\/p>\n<h3 style=\"margin-bottom: 5px; text-transform: none;\">Airberlin<\/h3>\n<p>Aeropuerto Internacional de Cancun, Terminal 2 Cancun Q.Roo<\/p>\n<h3 style=\"margin-bottom: 5px; text-transform: none;\">American Airlines Aeropuerto<\/h3>\n<p>Aeropuerto Internacional de Cancun Terminal 3<br \/>\n(998)887 01 29<br \/>\nAv. Xcaret y Av. Cob\u00e1, Manzana 1, Lote 1, Centro Comercial Plaza Hollywood, Local 31 SM 35, C.P. 77505 Canc\u00fan Q.Roo, M\u00e9xico<br \/>\n01(998)887 31 87<\/p>\n<h3 style=\"margin-bottom: 5px; text-transform: none;\">Copa Airlines<\/h3>\n<p>(998)886 06 52<br \/>\n(998)886 06 53<br \/>\nAeropuerto Internacional de Cancun Of. 41 Terminal 2<\/p>\n<h3 style=\"margin-bottom: 5px; text-transform: none;\">Delta Airlines<\/h3>\n<p>(998) 886 03 68<br \/>\nMexico Free 01(800)902 21 00<br \/>\nUS Free 1(800)221 12 12<br \/>\nAeropuerto Internacional de Canc\u00fan, Terminal 2 Colonia: Aeropuerto &#8211; Zona Federal, C.P. 77565<\/p>\n<h3 style=\"margin-bottom: 5px; text-transform: none;\">Interjet<\/h3>\n<p>Edificio del Aeropuerto Internacional de Cancun Terminal 2, Cancun Q.Roo<br \/>\n(998)892 02 78<br \/>\n(998)892 01 60<\/p>\n<h3 style=\"margin-bottom: 5px; text-transform: none;\">Lan<\/h3>\n<p>(998)886 03 61<br \/>\n(998)886 03 60<br \/>\nAeropuerto Internacional de Cancun Terminal 2<\/p>\n<h3 style=\"margin-bottom: 5px; text-transform: none;\">Martinair<\/h3>\n<p>(998)886 09 46<br \/>\nFax 01(998)886 09 45<br \/>\nCarretera Canc\u00fan-Chetumal Km. 22, Aeropuerto Internacional de Canc\u00fan, Terminal 2, Oficina #2513, 2o. C.P. 77565 Canc\u00fan Quintana Roo, M\u00e9xico<\/p>\n<h3 style=\"margin-bottom: 5px; text-transform: none;\">Southwest Airline<\/h3>\n<p>1(800)965 21 07<br \/>\nAeropuerto Internacional de Cancun Terminal 2<\/p>\n<h3 style=\"margin-bottom: 5px; text-transform: none;\">United Airlines<\/h3>\n<p>Mexico Free 01(800)003 07 77<br \/>\nUS 1(800)538 29 29<br \/>\nAeropuerto Internacional Cancun, Q. Roo. 77500 Terminal 3[\/vc_column_text][\/vc_column][\/vc_row]<\/p>\n","protected":false},"excerpt":{"rendered":"<p>[vc_row][vc_column][vc_column_text] Cancun Airport | Directorio de Aerol\u00edneas [\/vc_column_text][\/vc_column][\/vc_row][vc_row][vc_column width=&#8221;1\/2&#8243;][vc_column_text] Aerom\u00e9xico Aeropuerto de Cancun Terminales 1 y 2 (998)886 00 18 (998)886 00 03 (998)875 96 32 (998)287 18 60 Av. Cob\u00e1 No. 80 SM 3 Cancun, Q. Roo. 77500 Air Transat From Canada or the USA 1(877)872 67 28 Aeropueto Internacional de Cancun Cancun, Q.<a class=\"button services-link button-hover inner-more\" href=\"https:\/\/airportcancun.travel\/es\/directorio-de-aerolineas\/\">leer m\u00e1s<\/a><\/p>\n","protected":false},"author":4,"featured_media":3254,"parent":0,"menu_order":0,"comment_status":"closed","ping_status":"closed","template":"transport-page.php","meta":[],"_links":{"self":[{"href":"https:\/\/airportcancun.travel\/es\/wp-json\/wp\/v2\/pages\/2733"}],"collection":[{"href":"https:\/\/airportcancun.travel\/es\/wp-json\/wp\/v2\/pages"}],"about":[{"href":"https:\/\/airportcancun.travel\/es\/wp-json\/wp\/v2\/types\/page"}],"author":[{"embeddable":true,"href":"https:\/\/airportcancun.travel\/es\/wp-json\/wp\/v2\/users\/4"}],"replies":[{"embeddable":true,"href":"https:\/\/airportcancun.travel\/es\/wp-json\/wp\/v2\/comments?post=2733"}],"version-history":[{"count":0,"href":"https:\/\/airportcancun.travel\/es\/wp-json\/wp\/v2\/pages\/2733\/revisions"}],"wp:featuredmedia":[{"embeddable":true,"href":"https:\/\/airportcancun.travel\/es\/wp-json\/wp\/v2\/media\/3254"}],"wp:attachment":[{"href":"https:\/\/airportcancun.travel\/es\/wp-json\/wp\/v2\/media?parent=2733"}],"curies":[{"name":"wp","href":"https:\/\/api.w.org\/{rel}","templated":true}]}}