{"id":2691,"date":"2016-07-14T22:48:31","date_gmt":"2016-07-14T22:48:31","guid":{"rendered":"http:\/\/airportcancun.travel\/es\/?page_id=2691"},"modified":"2017-03-30T15:57:02","modified_gmt":"2017-03-30T20:57:02","slug":"aeropuerto-de-cancun-vuelos-privados","status":"publish","type":"page","link":"https:\/\/airportcancun.travel\/es\/aeropuerto-de-cancun-vuelos-privados\/","title":{"rendered":"Aeropuerto de Canc\u00fan Vuelos Privados"},"content":{"rendered":"<p>[vc_row][vc_column][vc_column_text]FBO (Fixed Base Operations) es el \u00e1rea en donde se recibe a todos los vuelos de car\u00e1cter privado, y est\u00e1 disponible para la aviaci\u00f3n general en M\u00e9xico, Estados Unidos y Latino Am\u00e9rica.<\/p>\n<p>El FBO del <a href=\"https:\/\/airportcancun.travel\/es\/\">Aeropuerto Internacional de Canc\u00fan<\/a> se ubica al noroeste del campo a\u00e9reo, a un costado de la Terminal 3. Las instalaciones abarcan un \u00e1rea de casi 2 mil metros cuadrados, plataforma de 68 mil 5 metros cuadrados, 100 lugares para estacionamiento, salas de juntas exclusivas, lobby para pasajeros, entre otros servicios.<\/p>\n<p>El Aeropuerto Internacional de Canc\u00fan tiene la mejor terminal ejecutiva de toda Am\u00e9rica Latina, posicionando a M\u00e9xico en el segundo puesto en el mundo en operaciones privadas y el tercero en jets privados.<\/p>\n<p><img loading=\"lazy\" class=\"aligncenter wp-image-3832 size-full\" src=\"https:\/\/airportcancun.travel\/es\/wp-content\/uploads\/sites\/2\/2016\/07\/Aeropuerto-de-cancun-vuelos-privados-e1490907083392.jpg\" alt=\"aeropuerto de cancun vuelos privados\" width=\"768\" height=\"428\" srcset=\"https:\/\/airportcancun.wpenginepowered.com\/es\/wp-content\/uploads\/sites\/2\/2016\/07\/Aeropuerto-de-cancun-vuelos-privados-e1490907083392.jpg 768w, https:\/\/airportcancun.wpenginepowered.com\/es\/wp-content\/uploads\/sites\/2\/2016\/07\/Aeropuerto-de-cancun-vuelos-privados-e1490907083392-300x167.jpg 300w\" sizes=\"(max-width: 768px) 100vw, 768px\" \/>[\/vc_column_text][\/vc_column][\/vc_row][vc_row][vc_column width=&#8221;1\/2&#8243;][vc_column_text]<\/p>\n<h2 style=\"font-size: 20px;\">Los servicios de prestigio que ofrece el FBO son:<\/h2>\n<p>[\/vc_column_text][vc_column_text]<\/p>\n<ul>\n<li>Combustible abastecido por Aeropuertos y Servicios Auxiliares, y cuentan con los siguientes tipos de combustibles: Jet-A y AVGAS 100\/130<\/li>\n<li>Gourmet catering<\/li>\n<li>Venta de productos deli<\/li>\n<li>Reservaciones de hotel con tarifas especiales para clientes FBO<\/li>\n<li>Transportaci\u00f3n terrestre de Lujo<\/li>\n<li>Arrendamiento de autos<\/li>\n<li>Servicio 24 horas de tr\u00e1fico, despachos y rampa FBO<\/li>\n<li>Arrendamientos de autos de lujo y ex\u00f3ticos<\/li>\n<li>Arrendamientos de tel\u00e9fonos Celulares<\/li>\n<li>Snacks de cortes\u00eda para miembros del equipo<\/li>\n<li>Compra de art\u00edculos de lujo<\/li>\n<\/ul>\n<p>[\/vc_column_text][\/vc_column][vc_column width=&#8221;1\/2&#8243;][vc_column_text]<\/p>\n<h2 style=\"font-size: 22px;\">FORMAS DE PAGO<\/h2>\n<p>[\/vc_column_text][vc_column_text]Las formas de pago de los servicios de FBO en el Aeropuerto Internacional de Canc\u00fan son: pagos en efectivo. Las tarjetas de cr\u00e9dito y debito participantes son:<\/p>\n<ul>\n<li>UVAIR<\/li>\n<li>VISA<\/li>\n<li>MASTERCARD<\/li>\n<li>AMERICAN EXPRESS<\/li>\n<\/ul>\n<p>[\/vc_column_text][\/vc_column][\/vc_row][vc_row][vc_column][vc_column_text]<\/p>\n<h2 style=\"font-size: 20px;\">Requerimientos de Autoridades<\/h2>\n<p>[\/vc_column_text][\/vc_column][\/vc_row][vc_row][vc_column][vc_column_text]Par ingresar al pa\u00eds en esta modalidad es necesario presentar de manera indispensable los siguiente documentos:<\/p>\n<ul>\n<li>Certificado de Aeronavegabilidad<\/li>\n<li>Registro de Matr\u00edcula<\/li>\n<li>Permisos de entradas sencillas o de entradas m\u00faltiples (es su caso)<\/li>\n<li>Licencias de los pilotos<\/li>\n<li>P\u00f3liza de seguro v\u00e1lido en M\u00e9xico o de cobertura mundial<\/li>\n<\/ul>\n<p>Tambi\u00e9n considerarse que las las aeronaves privadas son libres de solicitar permisos de entrada simple o de entradas m\u00faltiples en las oficinas locales de la D.G.A.C.<\/p>\n<p>Dichos permisos tienen un costo de permiso de entradas m\u00faltiples para las aeronaves privadas es de $1,441.00 pesos.<\/p>\n<p>Las ambulancias a\u00e9reas y las aeronaves de car\u00e1cter comercial est\u00e1n limitados a contar con la autorizaci\u00f3n correspondiente de la Direcci\u00f3n de Transporte y Control Aeron\u00e1utico antes de su llegada.[\/vc_column_text][\/vc_column][\/vc_row]<\/p>\n","protected":false},"excerpt":{"rendered":"<p>[vc_row][vc_column][vc_column_text]FBO (Fixed Base Operations) es el \u00e1rea en donde se recibe a todos los vuelos de car\u00e1cter privado, y est\u00e1 disponible para la aviaci\u00f3n general en M\u00e9xico, Estados Unidos y Latino Am\u00e9rica. El FBO del Aeropuerto Internacional de Canc\u00fan se ubica al noroeste del campo a\u00e9reo, a un costado de la Terminal 3. Las instalaciones<a class=\"button services-link button-hover inner-more\" href=\"https:\/\/airportcancun.travel\/es\/aeropuerto-de-cancun-vuelos-privados\/\">leer m\u00e1s<\/a><\/p>\n","protected":false},"author":4,"featured_media":3257,"parent":0,"menu_order":0,"comment_status":"closed","ping_status":"closed","template":"transport-page.php","meta":[],"_links":{"self":[{"href":"https:\/\/airportcancun.travel\/es\/wp-json\/wp\/v2\/pages\/2691"}],"collection":[{"href":"https:\/\/airportcancun.travel\/es\/wp-json\/wp\/v2\/pages"}],"about":[{"href":"https:\/\/airportcancun.travel\/es\/wp-json\/wp\/v2\/types\/page"}],"author":[{"embeddable":true,"href":"https:\/\/airportcancun.travel\/es\/wp-json\/wp\/v2\/users\/4"}],"replies":[{"embeddable":true,"href":"https:\/\/airportcancun.travel\/es\/wp-json\/wp\/v2\/comments?post=2691"}],"version-history":[{"count":0,"href":"https:\/\/airportcancun.travel\/es\/wp-json\/wp\/v2\/pages\/2691\/revisions"}],"wp:featuredmedia":[{"embeddable":true,"href":"https:\/\/airportcancun.travel\/es\/wp-json\/wp\/v2\/media\/3257"}],"wp:attachment":[{"href":"https:\/\/airportcancun.travel\/es\/wp-json\/wp\/v2\/media?parent=2691"}],"curies":[{"name":"wp","href":"https:\/\/api.w.org\/{rel}","templated":true}]}}