{"id":2645,"date":"2016-07-14T22:25:12","date_gmt":"2016-07-14T22:25:12","guid":{"rendered":"http:\/\/airportcancun.travel\/es\/?page_id=2645"},"modified":"2018-10-04T11:16:51","modified_gmt":"2018-10-04T16:16:51","slug":"terminales-en-el-aeropuerto-de-cancun","status":"publish","type":"page","link":"https:\/\/airportcancun.travel\/es\/terminales-en-el-aeropuerto-de-cancun\/","title":{"rendered":"Terminales en el Aeropuerto de Canc\u00fan"},"content":{"rendered":"<p>[vc_row][vc_column][vc_column_text]Para tal cantidad de pasajeros hace falta una infraestructura fuerte, eficiente y sobretodo espaciosa y el Aeropuerto de Canc\u00fan cuenta con tres terminales y se espera que en el 2018 se termine la cuarta terminal la cual recibir\u00e1 llegadas nacionales e internacionales.<\/p>\n<h2 style=\"text-align: left;\"><span style=\"font-size: 28px; color: #2c3740;\"><a style=\"color: #2c3740;\">Ubicaciones de las Terminales en el Aeropuerto<\/a><\/span><\/h2>\n<p>[\/vc_column_text][\/vc_column][\/vc_row][vc_row][vc_column width=&#8221;1\/2&#8243;][vc_single_image image=&#8221;3261&#8243; img_size=&#8221;full&#8221; alignment=&#8221;center&#8221; css_animation=&#8221;left-to-right&#8221;][\/vc_column][vc_column width=&#8221;1\/2&#8243; css=&#8221;.vc_custom_1468534610133{padding-top: 6% !important;padding-right: 6% !important;padding-bottom: 6% !important;padding-left: 6% !important;background-color: #f9f9f9 !important;}&#8221;][vc_custom_heading text=&#8221;<\/p>\n<h3><b>TERMINAL 1<\/b><\/h3>\n<p>&#8221; font_container=&#8221;tag:p|font_size:22|text_align:left|color:%23000000&#8243; use_theme_fonts=&#8221;yes&#8221;][vc_empty_space height=&#8221;20px&#8221;][vc_column_text css_animation=&#8221;right-to-left&#8221;]Es la que se utiliza para vuelos dom\u00e9sticos, que son los que normalmente vienen de Am\u00e9rica del Norte. Esta terminal tambi\u00e9n incluye a los vuelos ch\u00e1rter locales, es la m\u00e1s peque\u00f1a de todo el aeropuerto de Canc\u00fan.[\/vc_column_text][\/vc_column][\/vc_row][vc_row el_id=&#8221;desktop&#8221; el_class=&#8221;vc_hidden-xs vc_hidden-sml&#8221;][vc_column width=&#8221;1\/2&#8243; css=&#8221;.vc_custom_1468534630102{padding-top: 6% !important;padding-right: 6% !important;padding-bottom: 6% !important;padding-left: 6% !important;background-color: #f9f9f9 !important;}&#8221;][vc_custom_heading text=&#8221;<\/p>\n<h3><b>TERMINAL 2<\/b><\/h3>\n<p>&#8221; font_container=&#8221;tag:p|font_size:22|text_align:left|color:%23000000&#8243; use_theme_fonts=&#8221;yes&#8221;][vc_empty_space height=&#8221;20px&#8221;][vc_column_text css_animation=&#8221;right-to-left&#8221;]Es la que se utiliza para las aerol\u00edneas internacionales as\u00ed como vuelos nacionales y ch\u00e1rter. Es la terminal con mejor ubicaci\u00f3n ya que esta situada al centro del Aeropuerto, cuenta con un total de 31 puertas. Es la \u00fanica terminal que cuenta con la sala VIP de aeromexico, el \u201cSal\u00f3n Premier\u201d.[\/vc_column_text][\/vc_column][vc_column width=&#8221;1\/2&#8243;][vc_single_image image=&#8221;3263&#8243; img_size=&#8221;full&#8221; alignment=&#8221;center&#8221; css_animation=&#8221;right-to-left&#8221;][\/vc_column][\/vc_row][vc_row el_id=&#8221;movil&#8221; el_class=&#8221;vc_hidden-md vc_hidden-lg&#8221;][vc_column css=&#8221;.vc_custom_1468534630102{padding-top: 6% !important;padding-right: 6% !important;padding-bottom: 6% !important;padding-left: 6% !important;background-color: #f9f9f9 !important;}&#8221;][vc_single_image image=&#8221;3263&#8243; img_size=&#8221;full&#8221; alignment=&#8221;center&#8221; css_animation=&#8221;right-to-left&#8221;][vc_custom_heading text=&#8221;<\/p>\n<h3><b>TERMINAL 2<\/b><\/h3>\n<p>&#8221; font_container=&#8221;tag:p|font_size:22|text_align:left|color:%23000000&#8243; use_theme_fonts=&#8221;yes&#8221;][vc_empty_space height=&#8221;20px&#8221;][vc_column_text css_animation=&#8221;right-to-left&#8221;]Es la que se utiliza para las aerol\u00edneas internacionales as\u00ed como vuelos nacionales y ch\u00e1rter. Es la terminal con mejor ubicaci\u00f3n ya que esta situada al centro del Aeropuerto, cuenta con un total de 31 puertas. Es la \u00fanica terminal que cuenta con la sala VIP de aeromexico, el \u201cSal\u00f3n Premier\u201d.[\/vc_column_text][\/vc_column][\/vc_row][vc_row][vc_column width=&#8221;1\/2&#8243;][vc_single_image image=&#8221;3264&#8243; img_size=&#8221;full&#8221; alignment=&#8221;center&#8221; css_animation=&#8221;left-to-right&#8221;][\/vc_column][vc_column width=&#8221;1\/2&#8243; css=&#8221;.vc_custom_1468534647291{padding-top: 6% !important;padding-right: 6% !important;padding-bottom: 6% !important;padding-left: 6% !important;background-color: #f9f9f9 !important;}&#8221;][vc_custom_heading text=&#8221;<\/p>\n<h3><b>TERMINAL 3<\/b><\/h3>\n<p>&#8221; font_container=&#8221;tag:p|font_size:22|text_align:left|color:%23000000&#8243; use_theme_fonts=&#8221;yes&#8221;][vc_empty_space height=&#8221;20px&#8221;][vc_column_text css_animation=&#8221;right-to-left&#8221;]Es pr\u00e1cticamente la terminal m\u00e1s nueva del aeropuerto de Canc\u00fan, ya que fue inaugurada en marzo del 2016 y se encargar\u00e1 de vuelos internacionales de Norte Am\u00e9rica y Europa.<\/p>\n<p>Cuenta con un total de 16 puertas y al igual que las otras terminales ofrece servicio de restaurantes, tiendas, aduana y migraci\u00f3n.[\/vc_column_text][\/vc_column][\/vc_row][vc_row][vc_column][vc_custom_heading text=&#8221;<\/p>\n<h3><b>TERMINAL 4<\/b><\/h3>\n<p>&#8221; font_container=&#8221;tag:p|font_size:22|text_align:left|color:%23000000&#8243; use_theme_fonts=&#8221;yes&#8221;][vc_empty_space height=&#8221;12px&#8221;][vc_column_text css_animation=&#8221;right-to-left&#8221;]Se prev\u00e9 que en el 2018 la cuarta terminal este lista. Lo que incrementar\u00e1 la movilizaci\u00f3n de manera nacional e internacional ofreciendo a los pasajeros una mayor diversidad de opciones de viaje y de conectividad con m\u00e1s pa\u00edses.<\/p>\n<p>En total con las primeras tres terminales se cuenta con 54 puertas de embarque y se espera que al terminar la riera parte de la Terminal 4, se reciban un total de hasta 25 millones de pasajeros al a\u00f1o, en cuanto se concluya la obra en el 2020 el total ascender\u00e1 a 32 millones de pasajeros.[\/vc_column_text][\/vc_column][\/vc_row][vc_row][vc_column][vc_custom_heading text=&#8221;Servicios en las terminales del Aeropuerto Internacional de Canc\u00fan&#8221; font_container=&#8221;tag:h2|font_size:20|text_align:left|color:%23000000&#8243; use_theme_fonts=&#8221;yes&#8221;][vc_empty_space][vc_column_text]Las tres terminales cuentan con servicios para hacer la estancia de los pasajeros mucho m\u00e1s segura y placentera:<\/p>\n<ul>\n<li>Medidas de seguridad y preventivas necesarias para un excelente funcionamiento<\/li>\n<li>Internet ilimitado<\/li>\n<li>Rampas, elevadores y ba\u00f1os para viajeros minusv\u00e1lidos<\/li>\n<li>Maquina de embalaje para maletas<\/li>\n<li>Servicio de seguridad y m\u00e9dico las 24 horas<\/li>\n<li>Cajeros autom\u00e1ticos<\/li>\n<li>Ba\u00f1os<\/li>\n<li>Farmacias<\/li>\n<li>Telefonos p\u00fablicos<\/li>\n<\/ul>\n<p>[\/vc_column_text][\/vc_column][\/vc_row]<\/p>\n","protected":false},"excerpt":{"rendered":"<p>[vc_row][vc_column][vc_column_text]Para tal cantidad de pasajeros hace falta una infraestructura fuerte, eficiente y sobretodo espaciosa y el Aeropuerto de Canc\u00fan cuenta con tres terminales y se espera que en el 2018 se termine la cuarta terminal la cual recibir\u00e1 llegadas nacionales e internacionales. Ubicaciones de las Terminales en el Aeropuerto [\/vc_column_text][\/vc_column][\/vc_row][vc_row][vc_column width=&#8221;1\/2&#8243;][vc_single_image image=&#8221;3261&#8243; img_size=&#8221;full&#8221; alignment=&#8221;center&#8221; css_animation=&#8221;left-to-right&#8221;][\/vc_column][vc_column<a class=\"button services-link button-hover inner-more\" href=\"https:\/\/airportcancun.travel\/es\/terminales-en-el-aeropuerto-de-cancun\/\">leer m\u00e1s<\/a><\/p>\n","protected":false},"author":4,"featured_media":3255,"parent":0,"menu_order":0,"comment_status":"closed","ping_status":"closed","template":"transport-page.php","meta":[],"_links":{"self":[{"href":"https:\/\/airportcancun.travel\/es\/wp-json\/wp\/v2\/pages\/2645"}],"collection":[{"href":"https:\/\/airportcancun.travel\/es\/wp-json\/wp\/v2\/pages"}],"about":[{"href":"https:\/\/airportcancun.travel\/es\/wp-json\/wp\/v2\/types\/page"}],"author":[{"embeddable":true,"href":"https:\/\/airportcancun.travel\/es\/wp-json\/wp\/v2\/users\/4"}],"replies":[{"embeddable":true,"href":"https:\/\/airportcancun.travel\/es\/wp-json\/wp\/v2\/comments?post=2645"}],"version-history":[{"count":0,"href":"https:\/\/airportcancun.travel\/es\/wp-json\/wp\/v2\/pages\/2645\/revisions"}],"wp:featuredmedia":[{"embeddable":true,"href":"https:\/\/airportcancun.travel\/es\/wp-json\/wp\/v2\/media\/3255"}],"wp:attachment":[{"href":"https:\/\/airportcancun.travel\/es\/wp-json\/wp\/v2\/media?parent=2645"}],"curies":[{"name":"wp","href":"https:\/\/api.w.org\/{rel}","templated":true}]}}